{"id":92,"date":"2023-10-11T11:26:50","date_gmt":"2023-10-11T09:26:50","guid":{"rendered":"https:\/\/kwfschuleneue.ctl.de\/?page_id=92"},"modified":"2023-10-14T09:15:12","modified_gmt":"2023-10-14T07:15:12","slug":"fruehfoerderung","status":"publish","type":"page","link":"https:\/\/sbbz-kirchheim.de\/?page_id=92","title":{"rendered":"Fr\u00fchf\u00f6rderung"},"content":{"rendered":"\n<p>Die Fr\u00fchf\u00f6rderung stellt ein Hilfeangebot f\u00fcr behinderte, von Behinderung bedrohte und entwicklungsverz\u00f6gerte Kinder und deren Eltern und Bezugspersonen dar.<\/p>\n\n\n\n<p><strong>Die Fr\u00fchf\u00f6rderung umfasst:<\/strong><\/p>\n\n\n\n<ul class=\"wp-block-list\">\n<li>Abkl\u00e4rung des Entwicklungsstandes eines Kindes<\/li>\n\n\n\n<li>Individuelle Beratung und Begleitung der Eltern und anderen Bezugspersonen, z.B. der Erzieherinnen im Kindergarten<\/li>\n\n\n\n<li>Unterst\u00fctzung bei der Suche nach einem geeigneten F\u00f6rderort<\/li>\n\n\n\n<li>Unterst\u00fctzung bei der Einleitung von Integrationshilfen<\/li>\n\n\n\n<li>F\u00f6rderung im Kindergarten<\/li>\n\n\n\n<li>Psychomotorikgruppe an der K-W-F\u00f6rderschule<\/li>\n<\/ul>\n\n\n\n<p>Im Fr\u00fchf\u00f6rderverbund Kirchheim arbeiten wir mit anderen Sonderschulen und der Interdisziplin\u00e4ren Fr\u00fchf\u00f6rderstelle des Landkreises Esslingen (IFS) zusammen.<\/p>\n\n\n\n<p>Der Kontakt zum Fr\u00fchf\u00f6rderverbund kann \u00fcber die Telefonnummer des Fr\u00fchf\u00f6rderverbundes hergestellt werden (<strong>07021 &#8211; 502341<\/strong>). Dar\u00fcber hinaus besteht die M\u00f6glichkeit, direkt \u00fcber das Sekretariat der K-W-Schule Kontakt aufzunehmen (<strong>07021-920050<\/strong>).&nbsp;<\/p>\n\n\n\n<p><a href=\"https:\/\/sbbz-kirchheim.de\/wp-content\/uploads\/2023\/10\/flyer_fruehfoerderung.pdf\" data-type=\"attachment\" data-id=\"96\" target=\"_blank\" rel=\"noreferrer noopener\">Flyer Fr\u00fchf\u00f6rdung am SBBZ Lernen<\/a><\/p>\n\n\n\n<p><a href=\"http:\/\/www.landkreis-esslingen.de\/site\/LRA-Esslingen-ROOT\/get\/params_E1122564794\/13568165\/336_Flyer%20IFS%20ES_2017-02_neues%20Bild.pdf\" target=\"_blank\" rel=\"noreferrer noopener\">Flyer Elternberatung und Fr\u00fchf\u00f6rderung f\u00fcr Kinder Fr\u00fchf\u00f6rderverbund Kirchheim<\/a><\/p>\n","protected":false},"excerpt":{"rendered":"<p>Die Fr\u00fchf\u00f6rderung stellt ein Hilfeangebot f\u00fcr behinderte, von Behinderung bedrohte und entwicklungsverz\u00f6gerte Kinder und deren Eltern und Bezugspersonen dar. Die Fr\u00fchf\u00f6rderung umfasst: Im Fr\u00fchf\u00f6rderverbund Kirchheim arbeiten wir mit anderen Sonderschulen und der Interdisziplin\u00e4ren Fr\u00fchf\u00f6rderstelle des Landkreises Esslingen (IFS) zusammen. Der Kontakt zum Fr\u00fchf\u00f6rderverbund kann \u00fcber die Telefonnummer des Fr\u00fchf\u00f6rderverbundes hergestellt werden (07021 &#8211; 502341). Dar\u00fcber [&hellip;]<\/p>\n","protected":false},"author":1,"featured_media":0,"parent":0,"menu_order":0,"comment_status":"closed","ping_status":"closed","template":"","meta":{"footnotes":""},"class_list":["post-92","page","type-page","status-publish","hentry"],"_links":{"self":[{"href":"https:\/\/sbbz-kirchheim.de\/index.php?rest_route=\/wp\/v2\/pages\/92","targetHints":{"allow":["GET"]}}],"collection":[{"href":"https:\/\/sbbz-kirchheim.de\/index.php?rest_route=\/wp\/v2\/pages"}],"about":[{"href":"https:\/\/sbbz-kirchheim.de\/index.php?rest_route=\/wp\/v2\/types\/page"}],"author":[{"embeddable":true,"href":"https:\/\/sbbz-kirchheim.de\/index.php?rest_route=\/wp\/v2\/users\/1"}],"replies":[{"embeddable":true,"href":"https:\/\/sbbz-kirchheim.de\/index.php?rest_route=%2Fwp%2Fv2%2Fcomments&post=92"}],"version-history":[{"count":5,"href":"https:\/\/sbbz-kirchheim.de\/index.php?rest_route=\/wp\/v2\/pages\/92\/revisions"}],"predecessor-version":[{"id":222,"href":"https:\/\/sbbz-kirchheim.de\/index.php?rest_route=\/wp\/v2\/pages\/92\/revisions\/222"}],"wp:attachment":[{"href":"https:\/\/sbbz-kirchheim.de\/index.php?rest_route=%2Fwp%2Fv2%2Fmedia&parent=92"}],"curies":[{"name":"wp","href":"https:\/\/api.w.org\/{rel}","templated":true}]}}