{"id":77,"date":"2023-10-11T10:53:36","date_gmt":"2023-10-11T08:53:36","guid":{"rendered":"https:\/\/kwfschuleneue.ctl.de\/?page_id=77"},"modified":"2023-10-13T12:25:53","modified_gmt":"2023-10-13T10:25:53","slug":"klassen-hauptstufe","status":"publish","type":"page","link":"https:\/\/sbbz-kirchheim.de\/?page_id=77","title":{"rendered":"Klassen Hauptstufe"},"content":{"rendered":"\n<div class=\"wp-block-group has-global-padding is-layout-constrained wp-block-group-is-layout-constrained\">\n<h3 class=\"wp-block-heading\">Klassen 5 und 6<\/h3>\n\n\n\n<p>In diesen Klassen kn\u00fcpfen wir an die Bildungs- und Erziehungsarbeit der Grundstufe an und setzen diese entsprechend den individuellen Lernvoraussetzungen und Bed\u00fcrfnissen der Sch\u00fcler fort. In diesen Klassen wird wie in der Grundstufe jahrgangs\u00fcbergreifend unterrichtet.<\/p>\n\n\n\n<p>Tagesstruktur:<\/p>\n\n\n\n<ul class=\"wp-block-list\">\n<li>rhythmisierter Unterricht am Vormittag<\/li>\n\n\n\n<li>gemeinsames Mittagessen mit anschlie\u00dfender betreuter Mittagspause<\/li>\n\n\n\n<li>ab 14 Uhr Unterricht oder Nachmittagsangebote<\/li>\n<\/ul>\n\n\n\n<p>In diesen Klassen ist die Ganztagesbeschulung an drei Tagen verbindlich.<\/p>\n\n\n\n<h3 class=\"wp-block-heading\">Klassen 7 bis 9<\/h3>\n\n\n\n<p>Diese Klassen setzen sich aus den bestehenden jahrgangsgemischten Mittelstufenklassen und der zum 7. Schuljahr dazu kommenden Sch\u00fclern aus Lenningen und Weilheim zusammen.<\/p>\n\n\n\n<p>Aufgaben:<\/p>\n\n\n\n<ul class=\"wp-block-list\">\n<li>St\u00e4rkung des Selbstwertgef\u00fchls\n<ul class=\"wp-block-list\">\n<li>Freiarbeitsphasen, in denen auf die Individualit\u00e4t der Sch\u00fclerinnen und Sch\u00fcler gut eingegangen werden kann<\/li>\n\n\n\n<li>F\u00f6rderplangespr\u00e4che<\/li>\n\n\n\n<li>F\u00f6rderung des sozialen Engagements in der SMV, der Sozial-AG und durch \u201eSch\u00fcler helfen Sch\u00fclern\u201c<\/li>\n<\/ul>\n<\/li>\n\n\n\n<li>F\u00f6rderung der Sozialkompetenz\n<ul class=\"wp-block-list\">\n<li>Sch\u00fclermitverwaltung<\/li>\n\n\n\n<li>Sch\u00fcler helfen Sch\u00fcler<\/li>\n\n\n\n<li>Mensahelfer<\/li>\n\n\n\n<li>Schulgel\u00e4ndereinigung<\/li>\n\n\n\n<li>Schullandheimaufenthalt und Abschlussfahrt<\/li>\n\n\n\n<li>Einzelbetreuung einzelner Sch\u00fcler durch die Schulsozialarbeiterin<\/li>\n\n\n\n<li>Kooperation mit dem Mehrgenerationenhaus LINDE<\/li>\n\n\n\n<li>Sozial-AG<\/li>\n\n\n\n<li>Sch\u00fclercaf\u00e9<\/li>\n<\/ul>\n<\/li>\n\n\n\n<li>Vorbereitung auf eine selbst\u00e4ndige Lebensf\u00fchrung\n<ul class=\"wp-block-list\">\n<li>Lernen des Umgangs mit Finanzen<\/li>\n\n\n\n<li>Lernen des Umgangs mit Beh\u00f6rden<\/li>\n\n\n\n<li>Lernen von Haushaltsf\u00fchrung<\/li>\n\n\n\n<li>Lernen \u00fcber die Gesundheit<\/li>\n\n\n\n<li>Gestalten der Freizeit<\/li>\n\n\n\n<li>Lernen des Umgangs mit Beh\u00f6rden<\/li>\n\n\n\n<li>Lernen von Haushaltsf\u00fchrung<\/li>\n\n\n\n<li>Lernen \u00fcber die Gesundheit<\/li>\n\n\n\n<li>Gestalten der Freizeit<\/li>\n<\/ul>\n<\/li>\n\n\n\n<li>Vorbereitung auf die Arbeitswelt\/Schaffen von Anschl\u00fcssen an die Arbeitswelt\n<ul class=\"wp-block-list\">\n<li>In Klasse 7 wird ein Testverfahren mit praktischen Arbeiten durchgef\u00fchrt (Profil AC), dessen Ziel ist, den Sch\u00fclerinnen und Sch\u00fclern ihre St\u00e4rken bewusst zu machen und die Berufswahl zu erleichtern.<\/li>\n\n\n\n<li>In Klasse 8 absolvieren die Sch\u00fclerinnen und Sch\u00fcler zwei 14-t\u00e4gige Betriebspraktika.<\/li>\n\n\n\n<li>In Klasse 9 absolvieren die Sch\u00fclerinnen und Sch\u00fcler ein Tagespraktikum.<\/li>\n<\/ul>\n<\/li>\n<\/ul>\n<\/div>\n","protected":false},"excerpt":{"rendered":"<p>Klassen 5 und 6 In diesen Klassen kn\u00fcpfen wir an die Bildungs- und Erziehungsarbeit der Grundstufe an und setzen diese entsprechend den individuellen Lernvoraussetzungen und Bed\u00fcrfnissen der Sch\u00fcler fort. In diesen Klassen wird wie in der Grundstufe jahrgangs\u00fcbergreifend unterrichtet. Tagesstruktur: In diesen Klassen ist die Ganztagesbeschulung an drei Tagen verbindlich. Klassen 7 bis 9 Diese [&hellip;]<\/p>\n","protected":false},"author":1,"featured_media":0,"parent":0,"menu_order":0,"comment_status":"closed","ping_status":"closed","template":"","meta":{"footnotes":""},"class_list":["post-77","page","type-page","status-publish","hentry"],"_links":{"self":[{"href":"https:\/\/sbbz-kirchheim.de\/index.php?rest_route=\/wp\/v2\/pages\/77","targetHints":{"allow":["GET"]}}],"collection":[{"href":"https:\/\/sbbz-kirchheim.de\/index.php?rest_route=\/wp\/v2\/pages"}],"about":[{"href":"https:\/\/sbbz-kirchheim.de\/index.php?rest_route=\/wp\/v2\/types\/page"}],"author":[{"embeddable":true,"href":"https:\/\/sbbz-kirchheim.de\/index.php?rest_route=\/wp\/v2\/users\/1"}],"replies":[{"embeddable":true,"href":"https:\/\/sbbz-kirchheim.de\/index.php?rest_route=%2Fwp%2Fv2%2Fcomments&post=77"}],"version-history":[{"count":2,"href":"https:\/\/sbbz-kirchheim.de\/index.php?rest_route=\/wp\/v2\/pages\/77\/revisions"}],"predecessor-version":[{"id":199,"href":"https:\/\/sbbz-kirchheim.de\/index.php?rest_route=\/wp\/v2\/pages\/77\/revisions\/199"}],"wp:attachment":[{"href":"https:\/\/sbbz-kirchheim.de\/index.php?rest_route=%2Fwp%2Fv2%2Fmedia&parent=77"}],"curies":[{"name":"wp","href":"https:\/\/api.w.org\/{rel}","templated":true}]}}