{"id":71,"date":"2023-10-11T10:45:24","date_gmt":"2023-10-11T08:45:24","guid":{"rendered":"https:\/\/kwfschuleneue.ctl.de\/?page_id=71"},"modified":"2023-10-11T10:45:24","modified_gmt":"2023-10-11T08:45:24","slug":"leitbild","status":"publish","type":"page","link":"https:\/\/sbbz-kirchheim.de\/?page_id=71","title":{"rendered":"Leitbild"},"content":{"rendered":"\n<ul class=\"wp-block-list\">\n<li>Schulleitung, Lehrkr\u00e4fte und sonstige Partner arbeiten wertsch\u00e4tzend und vertrauensvoll zusammen.<\/li>\n\n\n\n<li>Wir entwickeln unsere Schule zu einem Bildungs- und Beratungszentrum f\u00fcr Sch\u00fcler, Eltern und Kollegen.<\/li>\n\n\n\n<li>Wir nehmen die Sch\u00fcler in ihrer Pers\u00f6nlichkeit an, st\u00e4rken sie und begleiten sie in ihrer Entwicklung.<\/li>\n\n\n\n<li>Wir f\u00f6rdern unsere Sch\u00fcler ganzheitlich und individuell.<\/li>\n\n\n\n<li>Wir f\u00f6rdern eine friedliche Schulgemeinschaft durch gemeinsame Aktionen und vielf\u00e4ltige Unterrichtsangebote.<\/li>\n\n\n\n<li>Inner- und au\u00dferschulische Partner gestalten die Lern- und Lebenswelt mit.<\/li>\n<\/ul>\n","protected":false},"excerpt":{"rendered":"","protected":false},"author":1,"featured_media":0,"parent":0,"menu_order":0,"comment_status":"closed","ping_status":"closed","template":"","meta":{"footnotes":""},"class_list":["post-71","page","type-page","status-publish","hentry"],"_links":{"self":[{"href":"https:\/\/sbbz-kirchheim.de\/index.php?rest_route=\/wp\/v2\/pages\/71","targetHints":{"allow":["GET"]}}],"collection":[{"href":"https:\/\/sbbz-kirchheim.de\/index.php?rest_route=\/wp\/v2\/pages"}],"about":[{"href":"https:\/\/sbbz-kirchheim.de\/index.php?rest_route=\/wp\/v2\/types\/page"}],"author":[{"embeddable":true,"href":"https:\/\/sbbz-kirchheim.de\/index.php?rest_route=\/wp\/v2\/users\/1"}],"replies":[{"embeddable":true,"href":"https:\/\/sbbz-kirchheim.de\/index.php?rest_route=%2Fwp%2Fv2%2Fcomments&post=71"}],"version-history":[{"count":1,"href":"https:\/\/sbbz-kirchheim.de\/index.php?rest_route=\/wp\/v2\/pages\/71\/revisions"}],"predecessor-version":[{"id":72,"href":"https:\/\/sbbz-kirchheim.de\/index.php?rest_route=\/wp\/v2\/pages\/71\/revisions\/72"}],"wp:attachment":[{"href":"https:\/\/sbbz-kirchheim.de\/index.php?rest_route=%2Fwp%2Fv2%2Fmedia&parent=71"}],"curies":[{"name":"wp","href":"https:\/\/api.w.org\/{rel}","templated":true}]}}