{"id":70,"date":"2023-10-11T11:20:22","date_gmt":"2023-10-11T09:20:22","guid":{"rendered":"https:\/\/kwfschuleneue.ctl.de\/?page_id=70"},"modified":"2024-11-29T09:48:05","modified_gmt":"2024-11-29T08:48:05","slug":"impressum","status":"publish","type":"page","link":"https:\/\/sbbz-kirchheim.de\/?page_id=70","title":{"rendered":"Impressum"},"content":{"rendered":"\n<p><strong>Herausgeber<\/strong><br>Land Baden-W\u00fcrttemberg,<br>vertreten durch SBBZ Lernen Konrad Widerholt Schule<\/p>\n\n\n\n<p>Konrad-Widerholt F\u00f6rderschule<br>SBBZ mit F\u00f6rderschwerpunkt Lernen<br>73230 Kirchheim\/Teck<br>Bismarckstrasse 39<br>e-mail: <a href=\"mailto:rektorat@kwfschule.de\">rektorat@kwfschule.de<\/a><\/p>\n\n\n\n<p>Schulleitung: Frau SL Susanne Sch\u00f6llkopf<br>Diensteanbieter der Schulhomepage: Schultr\u00e4ger (Stadt Kirchheim\/Teck)<\/p>\n\n\n\n<p>Webmaster \/ Webmasterin<br>Herr J\u00fcrgen Schill<\/p>\n\n\n\n<div class=\"wp-block-group has-global-padding is-layout-constrained wp-block-group-is-layout-constrained\">\n<p><strong>Verantwortlich im Sinne von \u00a7 18 MStV<\/strong><br>Konrad-Widerholt F\u00f6rderschule<br>SBBZ mit F\u00f6rderschwerpunkt Lernen<br>73230 Kirchheim\/Teck<br>Bismarckstrasse 39<br>J\u00fcrgen Schill<br>Telefon-Nr. 07021-92005-0<br>Telefax-Nr. 07021-92005-22<\/p>\n\n\n\n<p><a href=\"mailto:schill.j@kwfschule.de\">schill.j@kwfschule.de<\/a><\/p>\n<\/div>\n\n\n\n<p><strong>Verantwortlicher f\u00fcr Sch\u00fclerzeitung<\/strong><br>Christian Pomplun<br>Konrad-Widerholt F\u00f6rderschule<br>SBBZ mit F\u00f6rderschwerpunkt Lernen<br>73230 Kirchheim\/Teck<br>Bismarckstrasse 39<br>Telefon-Nr. 07021-92005-0<\/p>\n\n\n\n<p><a href=\"mailto:Pomplun.c@kwfschule.de\">Pomplun.c@kwfschule.de<\/a><\/p>\n\n\n\n<p><br><\/p>\n\n\n\n<p><strong>Der Schultr\u00e4ger:<\/strong><br>(Dienstanbieter im Sinne des TDG\/MDStV)<br>Gro\u00dfe Kreisstadt Kirchheim unter Teck<br>Marktstra\u00dfe 14, 73230 Kirchheim unter Teck<br>vertreten durch Oberb\u00fcrgermeister Dr. Bader<br>Telefon: 07021 502-0<br>Telefax: 07021 502-285<br>E-Mail: <a href=\"mailto:info@kirchheim-teck.de\" target=\"_blank\" rel=\"noreferrer noopener\">info@kirchheim-teck.de<\/a><br>K\u00f6rperschaft des \u00d6ffentlichen Rechts<\/p>\n\n\n\n<p><strong>Aufsichtsbeh\u00f6rde:<\/strong><\/p>\n\n\n\n<p>Staatliches Schulamt N\u00fcrtingen<br>Marktstra\u00dfe 12-14, \u202872622 N\u00fcrtingen<br>http:\/\/schulamt-nuertingen.de\/,Lde\/Startseite<\/p>\n\n\n\n<p>Verantwortlich f\u00fcr den Inhalt nach \u00a7 55 Abs. 2 RStV:<\/p>\n\n\n\n<p><strong>Streitschlichtung<\/strong><\/p>\n\n\n\n<p>Die Europ\u00e4ische Kommission stellt eine Plattform zur Online-Streitbeilegung (OS) bereit: https:\/\/ec.europa.eu\/consumers\/odr. Unsere E-Mail-Adresse finden Sie oben im Impressum.<br>Wir sind nicht bereit oder verpflichtet, an Streitbeilegungsverfahren vor einer Verbraucherschlichtungsstelle teilzunehmen.<\/p>\n\n\n\n<p>Rechtliche Hinweise<br>Das Layout der Homepage, die verwendeten Grafiken sowie Beitr\u00e4ge und Bilder sind urheberrechtlich gesch\u00fctzt. Die Seiten d\u00fcrfen ausschlie\u00dflich zum privaten Gebrauch ohne jegliche \u00c4nderung vervielf\u00e4ltigt werden. Eine Verbreitung von Kopien oder Ausz\u00fcgen ist nur mit schriftlicher Genehmigung zul\u00e4ssig.<\/p>\n\n\n\n<p>Haftungsausschluss<br>Die Informationen, die Sie auf diesem Internetauftritt vorfinden, wurden nach bestem Wissen und Gewissen sorgf\u00e4ltig zusammengestellt und gepr\u00fcft. Es wird jedoch keine Gew\u00e4hr &#8211; weder ausdr\u00fccklich noch stillschweigend &#8211; f\u00fcr die Vollst\u00e4ndigkeit, Richtigkeit, Aktualit\u00e4t oder Qualit\u00e4t und jederzeitige Verf\u00fcgbarkeit der bereit gestellten Informationen \u00fcbernommen. In keinem Fall wird f\u00fcr Sch\u00e4den, die sich aus der Verwendung der abgerufenen Informationen ergeben, eine Haftung \u00fcbernommen.<\/p>\n\n\n\n<p>Internetseiten dritter Anbieter \/ Links<br>Diese Internetseite enth\u00e4lt auch Links oder Verweise auf Internetauftritte Dritter. Diese Links zu den Internetauftritten Dritter stellen keine Zustimmung zu deren Inhalten durch den Herausgeber dar. Es wird keine Verantwortung f\u00fcr die Verf\u00fcgbarkeit oder den Inhalt solcher Internetauftritte \u00fcbernommen und keine Haftung f\u00fcr Sch\u00e4den oder Verletzungen, die aus der Nutzung &#8211; gleich welcher Art &#8211; solcher Inhalte entstehen. Mit den Links zu anderen Internetauftritten wird den Nutzern lediglich der Zugang zur Nutzung der Inhalte vermittelt. F\u00fcr illegale, fehlerhafte oder unvollst\u00e4ndige Inhalte und f\u00fcr Sch\u00e4den, die aus der Nutzung entstehen, haftet allein der Anbieter der Seite, auf welche verwiesen wurde.<\/p>\n","protected":false},"excerpt":{"rendered":"<p>HerausgeberLand Baden-W\u00fcrttemberg,vertreten durch SBBZ Lernen Konrad Widerholt Schule Konrad-Widerholt F\u00f6rderschuleSBBZ mit F\u00f6rderschwerpunkt Lernen73230 Kirchheim\/TeckBismarckstrasse 39e-mail: rektorat@kwfschule.de Schulleitung: Frau SL Susanne Sch\u00f6llkopfDiensteanbieter der Schulhomepage: Schultr\u00e4ger (Stadt Kirchheim\/Teck) Webmaster \/ WebmasterinHerr J\u00fcrgen Schill Verantwortlich im Sinne von \u00a7 18 MStVKonrad-Widerholt F\u00f6rderschuleSBBZ mit F\u00f6rderschwerpunkt Lernen73230 Kirchheim\/TeckBismarckstrasse 39J\u00fcrgen SchillTelefon-Nr. 07021-92005-0Telefax-Nr. 07021-92005-22 schill.j@kwfschule.de Verantwortlicher f\u00fcr Sch\u00fclerzeitungChristian PomplunKonrad-Widerholt F\u00f6rderschuleSBBZ mit F\u00f6rderschwerpunkt [&hellip;]<\/p>\n","protected":false},"author":1,"featured_media":0,"parent":0,"menu_order":0,"comment_status":"closed","ping_status":"closed","template":"","meta":{"footnotes":""},"class_list":["post-70","page","type-page","status-publish","hentry"],"_links":{"self":[{"href":"https:\/\/sbbz-kirchheim.de\/index.php?rest_route=\/wp\/v2\/pages\/70","targetHints":{"allow":["GET"]}}],"collection":[{"href":"https:\/\/sbbz-kirchheim.de\/index.php?rest_route=\/wp\/v2\/pages"}],"about":[{"href":"https:\/\/sbbz-kirchheim.de\/index.php?rest_route=\/wp\/v2\/types\/page"}],"author":[{"embeddable":true,"href":"https:\/\/sbbz-kirchheim.de\/index.php?rest_route=\/wp\/v2\/users\/1"}],"replies":[{"embeddable":true,"href":"https:\/\/sbbz-kirchheim.de\/index.php?rest_route=%2Fwp%2Fv2%2Fcomments&post=70"}],"version-history":[{"count":7,"href":"https:\/\/sbbz-kirchheim.de\/index.php?rest_route=\/wp\/v2\/pages\/70\/revisions"}],"predecessor-version":[{"id":482,"href":"https:\/\/sbbz-kirchheim.de\/index.php?rest_route=\/wp\/v2\/pages\/70\/revisions\/482"}],"wp:attachment":[{"href":"https:\/\/sbbz-kirchheim.de\/index.php?rest_route=%2Fwp%2Fv2%2Fmedia&parent=70"}],"curies":[{"name":"wp","href":"https:\/\/api.w.org\/{rel}","templated":true}]}}