{"id":65,"date":"2023-10-11T10:33:58","date_gmt":"2023-10-11T08:33:58","guid":{"rendered":"https:\/\/kwfschuleneue.ctl.de\/?page_id=65"},"modified":"2025-02-15T17:38:48","modified_gmt":"2025-02-15T16:38:48","slug":"foerderverein","status":"publish","type":"page","link":"https:\/\/sbbz-kirchheim.de\/?page_id=65","title":{"rendered":"F\u00f6rderverein"},"content":{"rendered":"\n<div class=\"wp-block-group has-global-padding is-layout-constrained wp-block-group-is-layout-constrained\">\n<p>Seit Januar 2007 verf\u00fcgt die Konrad-Widerholt-F\u00f6rderschule \u00fcber einen F\u00f6rderverein.<\/p>\n\n\n\n<p>Aktivit\u00e4ten, die der Verein unterst\u00fctzt:<\/p>\n\n\n\n<ul class=\"wp-block-list\">\n<li>Schullandheimaufenthalte<\/li>\n\n\n\n<li>Unterrichtsprojekte (z.B. Theaterarbeit)<\/li>\n\n\n\n<li>Bike-AG<\/li>\n\n\n\n<li>erlebnisp\u00e4dagogische Schulausfl\u00fcge<\/li>\n\n\n\n<li>kulturelle Veranstaltungen an der Schule (z.B. Kinderoper)<\/li>\n<\/ul>\n\n\n\n<p>J\u00e4hrlich im Oktober hat der F\u00f6rderverein einen Verkaufsstand beim Rathaus in Kirchheim. Hier wird unsere Schule der \u00d6ffentlichkeit pr\u00e4sentiert.<\/p>\n\n\n\n<p>F\u00fcr weitere Informationen d\u00fcrfen Sie sich gerne an unsere 1. Vorsitzende Tanja Breckel (<a href=\"mailto:tanja.breckel@gmx.de\">tanja.breckel@gmx.de<\/a>) oder an die Schulleitung wenden.<\/p>\n\n\n\n<p>Email: <a href=\"mailto:foerderverein@kwfschule.de\">foerderverein@kwfschule.de<\/a><\/p>\n<\/div>\n\n\n\n<div class=\"wp-block-group has-global-padding is-layout-constrained wp-block-group-is-layout-constrained\">\n<p><a href=\"https:\/\/sbbz-kirchheim.de\/wp-content\/uploads\/2023\/10\/flyer_foerderverein.pdf\" data-type=\"attachment\" data-id=\"67\" target=\"_blank\" rel=\"noreferrer noopener\">Flyer F\u00f6rderverein<\/a><\/p>\n<\/div>\n\n\n\n<p><\/p>\n\n\n\n<p><\/p>\n\n\n\n<p><strong>Bankverbindung f\u00fcr Mittgliedsbeitr\u00e4ge und Spenden<\/strong><\/p>\n\n\n\n<pre class=\"wp-block-preformatted\">Kreissparkasse Esslingen-N\u00fcrtingen <br>Konto: 100549502 <br>BLZ: 61150020 <br>IBAN: DE84611500200100549502 <br>BIC: ESSLDE66XXX<br><\/pre>\n\n\n\n<p><\/p>\n\n\n\n<p><\/p>\n\n\n\n<p><\/p>\n","protected":false},"excerpt":{"rendered":"<p>Seit Januar 2007 verf\u00fcgt die Konrad-Widerholt-F\u00f6rderschule \u00fcber einen F\u00f6rderverein. Aktivit\u00e4ten, die der Verein unterst\u00fctzt: J\u00e4hrlich im Oktober hat der F\u00f6rderverein einen Verkaufsstand beim Rathaus in Kirchheim. Hier wird unsere Schule der \u00d6ffentlichkeit pr\u00e4sentiert. F\u00fcr weitere Informationen d\u00fcrfen Sie sich gerne an unsere 1. Vorsitzende Tanja Breckel (tanja.breckel@gmx.de) oder an die Schulleitung wenden. Email: foerderverein@kwfschule.de Flyer [&hellip;]<\/p>\n","protected":false},"author":1,"featured_media":0,"parent":0,"menu_order":0,"comment_status":"closed","ping_status":"closed","template":"","meta":{"footnotes":""},"class_list":["post-65","page","type-page","status-publish","hentry"],"_links":{"self":[{"href":"https:\/\/sbbz-kirchheim.de\/index.php?rest_route=\/wp\/v2\/pages\/65","targetHints":{"allow":["GET"]}}],"collection":[{"href":"https:\/\/sbbz-kirchheim.de\/index.php?rest_route=\/wp\/v2\/pages"}],"about":[{"href":"https:\/\/sbbz-kirchheim.de\/index.php?rest_route=\/wp\/v2\/types\/page"}],"author":[{"embeddable":true,"href":"https:\/\/sbbz-kirchheim.de\/index.php?rest_route=\/wp\/v2\/users\/1"}],"replies":[{"embeddable":true,"href":"https:\/\/sbbz-kirchheim.de\/index.php?rest_route=%2Fwp%2Fv2%2Fcomments&post=65"}],"version-history":[{"count":11,"href":"https:\/\/sbbz-kirchheim.de\/index.php?rest_route=\/wp\/v2\/pages\/65\/revisions"}],"predecessor-version":[{"id":516,"href":"https:\/\/sbbz-kirchheim.de\/index.php?rest_route=\/wp\/v2\/pages\/65\/revisions\/516"}],"wp:attachment":[{"href":"https:\/\/sbbz-kirchheim.de\/index.php?rest_route=%2Fwp%2Fv2%2Fmedia&parent=65"}],"curies":[{"name":"wp","href":"https:\/\/api.w.org\/{rel}","templated":true}]}}