{"id":502,"date":"2025-02-15T17:08:28","date_gmt":"2025-02-15T16:08:28","guid":{"rendered":"https:\/\/sbbz-kirchheim.de\/?page_id=502"},"modified":"2025-05-01T15:52:55","modified_gmt":"2025-05-01T13:52:55","slug":"partnerschule-schauspiel-stuttgart","status":"publish","type":"page","link":"https:\/\/sbbz-kirchheim.de\/?page_id=502","title":{"rendered":"Partnerschule"},"content":{"rendered":"\n<figure class=\"wp-block-image size-large\"><img loading=\"lazy\" decoding=\"async\" width=\"1024\" height=\"321\" src=\"https:\/\/sbbz-kirchheim.de\/wp-content\/uploads\/2025\/02\/Partnerschule_SCST_Logo_CMYK_1zeilig-01-gruen-1024x321.png\" alt=\"\" class=\"wp-image-501\" srcset=\"https:\/\/sbbz-kirchheim.de\/wp-content\/uploads\/2025\/02\/Partnerschule_SCST_Logo_CMYK_1zeilig-01-gruen-1024x321.png 1024w, https:\/\/sbbz-kirchheim.de\/wp-content\/uploads\/2025\/02\/Partnerschule_SCST_Logo_CMYK_1zeilig-01-gruen-300x94.png 300w, https:\/\/sbbz-kirchheim.de\/wp-content\/uploads\/2025\/02\/Partnerschule_SCST_Logo_CMYK_1zeilig-01-gruen-768x241.png 768w, https:\/\/sbbz-kirchheim.de\/wp-content\/uploads\/2025\/02\/Partnerschule_SCST_Logo_CMYK_1zeilig-01-gruen.png 1419w\" sizes=\"auto, (max-width: 1024px) 100vw, 1024px\" \/><\/figure>\n\n\n\n<p><strong>SBBZ-Lernen als Partnerschule des Staatstheaters Stuttgart<\/strong><\/p>\n\n\n\n<p>Seit diesem Schuljahr sind wir Partnerschule des Staatstheaters Stuttgart. Neben der Vermittlung der Kulturtechniken ist es uns ein wichtiges Anliegen, dass unsere Sch\u00fclerinnen und Sch\u00fcler kulturelle Teilhabe erfahren.<\/p>\n\n\n\n<p>Durch den Zugang zu Theaterauff\u00fchrungen und Workshops erleben die<\/p>\n\n\n\n<p>Sch\u00fcler: innen Kunst und Kultur, und k\u00f6nnen wichtige soziale Kompetenzen entwickeln.<\/p>\n\n\n\n<p>Kulturelle Teilhabe ist ein wichtiger Baustein f\u00fcr eine positive Entwicklung.<\/p>\n\n\n\n<p>Kulturelle Teilhabe erm\u00f6glicht eine Auseinandersetzung mit eigenen Emotionen und f\u00f6rdert so Empathie und st\u00e4rkt die Teamf\u00e4higkeit.<\/p>\n\n\n\n<p>Diese Partnerschaft erm\u00f6glicht es den Sch\u00fcler: innen aktiv am gesellschaftlichen Leben teilzunehmen.<\/p>\n","protected":false},"excerpt":{"rendered":"<p>SBBZ-Lernen als Partnerschule des Staatstheaters Stuttgart Seit diesem Schuljahr sind wir Partnerschule des Staatstheaters Stuttgart. Neben der Vermittlung der Kulturtechniken ist es uns ein wichtiges Anliegen, dass unsere Sch\u00fclerinnen und Sch\u00fcler kulturelle Teilhabe erfahren. Durch den Zugang zu Theaterauff\u00fchrungen und Workshops erleben die Sch\u00fcler: innen Kunst und Kultur, und k\u00f6nnen wichtige soziale Kompetenzen entwickeln. Kulturelle [&hellip;]<\/p>\n","protected":false},"author":2,"featured_media":0,"parent":0,"menu_order":0,"comment_status":"closed","ping_status":"closed","template":"","meta":{"footnotes":""},"class_list":["post-502","page","type-page","status-publish","hentry"],"_links":{"self":[{"href":"https:\/\/sbbz-kirchheim.de\/index.php?rest_route=\/wp\/v2\/pages\/502","targetHints":{"allow":["GET"]}}],"collection":[{"href":"https:\/\/sbbz-kirchheim.de\/index.php?rest_route=\/wp\/v2\/pages"}],"about":[{"href":"https:\/\/sbbz-kirchheim.de\/index.php?rest_route=\/wp\/v2\/types\/page"}],"author":[{"embeddable":true,"href":"https:\/\/sbbz-kirchheim.de\/index.php?rest_route=\/wp\/v2\/users\/2"}],"replies":[{"embeddable":true,"href":"https:\/\/sbbz-kirchheim.de\/index.php?rest_route=%2Fwp%2Fv2%2Fcomments&post=502"}],"version-history":[{"count":3,"href":"https:\/\/sbbz-kirchheim.de\/index.php?rest_route=\/wp\/v2\/pages\/502\/revisions"}],"predecessor-version":[{"id":529,"href":"https:\/\/sbbz-kirchheim.de\/index.php?rest_route=\/wp\/v2\/pages\/502\/revisions\/529"}],"wp:attachment":[{"href":"https:\/\/sbbz-kirchheim.de\/index.php?rest_route=%2Fwp%2Fv2%2Fmedia&parent=502"}],"curies":[{"name":"wp","href":"https:\/\/api.w.org\/{rel}","templated":true}]}}