{"id":416,"date":"2024-07-20T11:48:52","date_gmt":"2024-07-20T09:48:52","guid":{"rendered":"https:\/\/kwfschule.de\/?page_id=416"},"modified":"2024-07-20T11:48:52","modified_gmt":"2024-07-20T09:48:52","slug":"fahrrad-werkstatt","status":"publish","type":"page","link":"https:\/\/sbbz-kirchheim.de\/?page_id=416","title":{"rendered":"Fahrrad-Werkstatt"},"content":{"rendered":"\n<p>Unsere Fahrrad-Werkstatt bietet f\u00fcr unsere Sch\u00fclerinnen und Sch\u00fcler die M\u00f6glichkeit, sich mit allem technischen Wissen und Know-How rund ums Rad auseinanderzusetzen, um kleinere Reparaturen und Wartungen am Fahrrad selbst vorzunehmen.<\/p>\n\n\n\n<p>Professionelle Unterst\u00fctzung bekommen sie hierbei von John Crouse, Fahrradtechniker mit einer eigenen Radwerkstatt (<a href=\"https:\/\/www.facebook.com\/people\/Johns-Radhaus\/100062113282832\/\">John\u2019s Radhaus<\/a>) in Frickenhausen, der uns gerne auch auf unseren Touren begleitet. So brauchen wir uns vor Pannen nicht zu f\u00fcrchten!<\/p>\n\n\n\n<p><strong>Wartungen und Reparaturen k\u00f6nnen \u00fcbrigens bei uns in Auftrag gegeben werden \u2013 einfach einen Termin vereinbahren \u00fcber: fahrradwerkstatt[at]sbbz-kirchheim.de<\/strong><\/p>\n\n\n\n<p><\/p>\n","protected":false},"excerpt":{"rendered":"<p>Unsere Fahrrad-Werkstatt bietet f\u00fcr unsere Sch\u00fclerinnen und Sch\u00fcler die M\u00f6glichkeit, sich mit allem technischen Wissen und Know-How rund ums Rad auseinanderzusetzen, um kleinere Reparaturen und Wartungen am Fahrrad selbst vorzunehmen. Professionelle Unterst\u00fctzung bekommen sie hierbei von John Crouse, Fahrradtechniker mit einer eigenen Radwerkstatt (John\u2019s Radhaus) in Frickenhausen, der uns gerne auch auf unseren Touren begleitet. [&hellip;]<\/p>\n","protected":false},"author":2,"featured_media":0,"parent":0,"menu_order":0,"comment_status":"closed","ping_status":"closed","template":"","meta":{"footnotes":""},"class_list":["post-416","page","type-page","status-publish","hentry"],"_links":{"self":[{"href":"https:\/\/sbbz-kirchheim.de\/index.php?rest_route=\/wp\/v2\/pages\/416","targetHints":{"allow":["GET"]}}],"collection":[{"href":"https:\/\/sbbz-kirchheim.de\/index.php?rest_route=\/wp\/v2\/pages"}],"about":[{"href":"https:\/\/sbbz-kirchheim.de\/index.php?rest_route=\/wp\/v2\/types\/page"}],"author":[{"embeddable":true,"href":"https:\/\/sbbz-kirchheim.de\/index.php?rest_route=\/wp\/v2\/users\/2"}],"replies":[{"embeddable":true,"href":"https:\/\/sbbz-kirchheim.de\/index.php?rest_route=%2Fwp%2Fv2%2Fcomments&post=416"}],"version-history":[{"count":1,"href":"https:\/\/sbbz-kirchheim.de\/index.php?rest_route=\/wp\/v2\/pages\/416\/revisions"}],"predecessor-version":[{"id":417,"href":"https:\/\/sbbz-kirchheim.de\/index.php?rest_route=\/wp\/v2\/pages\/416\/revisions\/417"}],"wp:attachment":[{"href":"https:\/\/sbbz-kirchheim.de\/index.php?rest_route=%2Fwp%2Fv2%2Fmedia&parent=416"}],"curies":[{"name":"wp","href":"https:\/\/api.w.org\/{rel}","templated":true}]}}