{"id":27,"date":"2023-10-11T08:43:34","date_gmt":"2023-10-11T06:43:34","guid":{"rendered":"https:\/\/kwfschuleneue.ctl.de\/?page_id=27"},"modified":"2023-10-11T10:52:41","modified_gmt":"2023-10-11T08:52:41","slug":"test","status":"publish","type":"page","link":"https:\/\/sbbz-kirchheim.de\/?page_id=27","title":{"rendered":"Klassen Grundstufe"},"content":{"rendered":"\n<div class=\"wp-block-group has-global-padding is-layout-constrained wp-block-group-is-layout-constrained\">\n<p>Die Grundstufe setzt sich aus einer Eingangsklasse und jahrgangs\u00fcbergreifend gebildeten Gruppen der Klassenstufen 2-4 zusammen.<\/p>\n\n\n\n<h3 class=\"wp-block-heading\">Unser p\u00e4dagogisches Profil<\/h3>\n\n\n\n<ul class=\"wp-block-list\">\n<li>Individuelle F\u00f6rderung in Kleingruppen bis zu 10 Kindern nach Prinzipien der Montessori-P\u00e4dagogik<\/li>\n\n\n\n<li>In Anlehnung an Jean Ayres verstehen wir Bewegung als \u201eTor zum Lernen\u201c und bieten ein breites Bewegungsangebot:\n<ul class=\"wp-block-list\">\n<li>Waldtag<\/li>\n\n\n\n<li>Sportunterricht<\/li>\n\n\n\n<li>Schwimmen<\/li>\n\n\n\n<li>Rhythmik<\/li>\n\n\n\n<li>Psychomotorik<\/li>\n<\/ul>\n<\/li>\n\n\n\n<li>Ganztagesangebote an 2-3 Tagen pro Woche<\/li>\n\n\n\n<li>Entdeckendes Lernen in f\u00e4cher\u00fcbergreifendem Unterricht<\/li>\n\n\n\n<li>Natur erleben und erkunden beim Waldtag<\/li>\n\n\n\n<li>K\u00fcnstlerische und handwerkliche Angebote<\/li>\n\n\n\n<li>Gemeinsame Zubereitung und Essen gesunder Mahlzeiten<\/li>\n\n\n\n<li>Feste und Feiern im Jahreslauf<\/li>\n\n\n\n<li>Intensive Elternbegleitung durch Beratung und regelm\u00e4\u00dfige F\u00f6rderplangespr\u00e4che<\/li>\n<\/ul>\n\n\n\n<h3 class=\"wp-block-heading\">Eingangsklasse<\/h3>\n\n\n\n<p>Angebot beim \u00dcbergang vom Kindergarten in die Schule.<br>Aufgenommen werden Kinder mit Entwicklungsverz\u00f6gerungen.<\/p>\n\n\n\n<h3 class=\"wp-block-heading\"><strong>Ziele:<\/strong><\/h3>\n\n\n\n<ul class=\"wp-block-list\">\n<li>Entwicklung einer positiven Arbeitshaltung (Ausdauer, Konzentration, Freude am Lernen, selbst\u00e4ndiges Arbeiten)<\/li>\n\n\n\n<li>F\u00f6rderung der Wahrnehmung<\/li>\n\n\n\n<li>F\u00f6rderung der Sprache<\/li>\n\n\n\n<li>F\u00f6rderung der Motorik<\/li>\n\n\n\n<li>F\u00f6rderung von sozialen Kompetenzen<\/li>\n\n\n\n<li>Anbahnung der Kulturtechniken<\/li>\n<\/ul>\n\n\n\n<h3 class=\"wp-block-heading\">Jahrgangs\u00fcbergreifend gebildete Gruppen der Klassenstufe 2-4<\/h3>\n\n\n\n<ul class=\"wp-block-list\">\n<li>Lesen und Schreiben lernen mit vielen Sinnen und in kleinen Schritten<\/li>\n\n\n\n<li>Unterst\u00fctzung des Erwerbs mathematischer Kompetenzen durch Montessori-Materialien<\/li>\n\n\n\n<li>F\u00f6rderung sozialer Kompetenzen<\/li>\n<\/ul>\n<\/div>\n","protected":false},"excerpt":{"rendered":"<p>Die Grundstufe setzt sich aus einer Eingangsklasse und jahrgangs\u00fcbergreifend gebildeten Gruppen der Klassenstufen 2-4 zusammen. Unser p\u00e4dagogisches Profil Eingangsklasse Angebot beim \u00dcbergang vom Kindergarten in die Schule.Aufgenommen werden Kinder mit Entwicklungsverz\u00f6gerungen. Ziele: Jahrgangs\u00fcbergreifend gebildete Gruppen der Klassenstufe 2-4<\/p>\n","protected":false},"author":1,"featured_media":0,"parent":0,"menu_order":0,"comment_status":"closed","ping_status":"closed","template":"","meta":{"footnotes":""},"class_list":["post-27","page","type-page","status-publish","hentry"],"_links":{"self":[{"href":"https:\/\/sbbz-kirchheim.de\/index.php?rest_route=\/wp\/v2\/pages\/27","targetHints":{"allow":["GET"]}}],"collection":[{"href":"https:\/\/sbbz-kirchheim.de\/index.php?rest_route=\/wp\/v2\/pages"}],"about":[{"href":"https:\/\/sbbz-kirchheim.de\/index.php?rest_route=\/wp\/v2\/types\/page"}],"author":[{"embeddable":true,"href":"https:\/\/sbbz-kirchheim.de\/index.php?rest_route=\/wp\/v2\/users\/1"}],"replies":[{"embeddable":true,"href":"https:\/\/sbbz-kirchheim.de\/index.php?rest_route=%2Fwp%2Fv2%2Fcomments&post=27"}],"version-history":[{"count":5,"href":"https:\/\/sbbz-kirchheim.de\/index.php?rest_route=\/wp\/v2\/pages\/27\/revisions"}],"predecessor-version":[{"id":76,"href":"https:\/\/sbbz-kirchheim.de\/index.php?rest_route=\/wp\/v2\/pages\/27\/revisions\/76"}],"wp:attachment":[{"href":"https:\/\/sbbz-kirchheim.de\/index.php?rest_route=%2Fwp%2Fv2%2Fmedia&parent=27"}],"curies":[{"name":"wp","href":"https:\/\/api.w.org\/{rel}","templated":true}]}}