{"id":2,"date":"2023-09-29T13:06:31","date_gmt":"2023-09-29T13:06:31","guid":{"rendered":"https:\/\/kwfschule.neue.ctl.de\/?page_id=2"},"modified":"2023-10-14T09:49:17","modified_gmt":"2023-10-14T07:49:17","slug":"sample-page","status":"publish","type":"page","link":"https:\/\/sbbz-kirchheim.de\/?page_id=2","title":{"rendered":"Willkommen"},"content":{"rendered":"\n<div class=\"wp-block-columns is-layout-flex wp-container-core-columns-is-layout-28f84493 wp-block-columns-is-layout-flex\">\n<div class=\"wp-block-column is-layout-flow wp-block-column-is-layout-flow\">\n<figure class=\"wp-block-image size-large is-resized\"><img loading=\"lazy\" decoding=\"async\" width=\"1024\" height=\"576\" src=\"https:\/\/sbbz-kirchheim.de\/wp-content\/uploads\/2023\/09\/Schule_mit_Logo-2-1024x576.jpg\" alt=\"\" class=\"wp-image-21\" style=\"width:311px;height:175px\" srcset=\"https:\/\/sbbz-kirchheim.de\/wp-content\/uploads\/2023\/09\/Schule_mit_Logo-2-1024x576.jpg 1024w, https:\/\/sbbz-kirchheim.de\/wp-content\/uploads\/2023\/09\/Schule_mit_Logo-2-300x169.jpg 300w, https:\/\/sbbz-kirchheim.de\/wp-content\/uploads\/2023\/09\/Schule_mit_Logo-2-768x432.jpg 768w, https:\/\/sbbz-kirchheim.de\/wp-content\/uploads\/2023\/09\/Schule_mit_Logo-2-1536x864.jpg 1536w, https:\/\/sbbz-kirchheim.de\/wp-content\/uploads\/2023\/09\/Schule_mit_Logo-2-2048x1152.jpg 2048w\" sizes=\"auto, (max-width: 1024px) 100vw, 1024px\" \/><\/figure>\n<\/div>\n\n\n\n<div class=\"wp-block-column is-layout-flow wp-block-column-is-layout-flow\">\n<div class=\"wp-block-columns is-layout-flex wp-container-core-columns-is-layout-28f84493 wp-block-columns-is-layout-flex\">\n<div class=\"wp-block-column is-layout-flow wp-block-column-is-layout-flow\">\n<figure class=\"wp-block-image size-large is-resized\"><img loading=\"lazy\" decoding=\"async\" width=\"1024\" height=\"644\" src=\"https:\/\/sbbz-kirchheim.de\/wp-content\/uploads\/2023\/09\/Schule-neu-1024x644.jpg\" alt=\"\" class=\"wp-image-23\" style=\"width:277px;height:174px\" srcset=\"https:\/\/sbbz-kirchheim.de\/wp-content\/uploads\/2023\/09\/Schule-neu-1024x644.jpg 1024w, https:\/\/sbbz-kirchheim.de\/wp-content\/uploads\/2023\/09\/Schule-neu-300x189.jpg 300w, https:\/\/sbbz-kirchheim.de\/wp-content\/uploads\/2023\/09\/Schule-neu-768x483.jpg 768w, https:\/\/sbbz-kirchheim.de\/wp-content\/uploads\/2023\/09\/Schule-neu-1536x965.jpg 1536w, https:\/\/sbbz-kirchheim.de\/wp-content\/uploads\/2023\/09\/Schule-neu-2048x1287.jpg 2048w\" sizes=\"auto, (max-width: 1024px) 100vw, 1024px\" \/><\/figure>\n<\/div>\n<\/div>\n<\/div>\n<\/div>\n\n\n\n<div class=\"wp-block-columns is-layout-flex wp-container-core-columns-is-layout-28f84493 wp-block-columns-is-layout-flex\">\n<div class=\"wp-block-column is-layout-flow wp-block-column-is-layout-flow\">\n<p class=\"has-text-align-center\"><strong>Konrad-Widerholt-Schule Kirchheim unter Teck<\/strong><\/p>\n\n\n\n<p class=\"has-text-align-center\"><strong>Sonderp\u00e4dagogisches Bildungs- und Beratungszentrum<\/strong><\/p>\n\n\n\n<p class=\"has-text-align-center\"><strong>(SBBZ) mit F\u00f6rderschwerpunkt Lernen<\/strong><\/p>\n\n\n\n<p class=\"has-text-align-center\">73230 Kirchheim unter Teck, Bismarckstr. 39<\/p>\n\n\n\n<p class=\"has-text-align-center\">Tel.: 07021\/920050<\/p>\n\n\n\n<p class=\"has-text-align-center\">&nbsp;&nbsp; Fax.: 07021\/9200522<\/p>\n<\/div>\n<\/div>\n\n\n\n<div class=\"wp-block-group has-global-padding is-layout-constrained wp-block-group-is-layout-constrained\"><\/div>\n\n\n\n<p><kbd><strong>Einzugsgebiet<\/strong><\/kbd><\/p>\n\n\n\n<div class=\"wp-block-group has-global-padding is-layout-constrained wp-block-group-is-layout-constrained\">\n<p>Stadt Kirchheim unter Teck mit Vororten, Dettingen, Notzingen und Ohmden.<br>Ab Klassenstufe 5 zus\u00e4tzlich: Bissingen mit Ochsenwang, Erkenbrechtsweiler, Holzmaden,<br>Gemeinde Lenningen mit 7 Teilgemeinden, Owen und Weilheim mit Teilgemeinden.<\/p>\n<\/div>\n\n\n\n<p><\/p>\n\n\n\n<p><kbd><strong>Verkehrsanbindung und Fahrsch\u00fcler<\/strong><\/kbd><\/p>\n\n\n\n<p><\/p>\n\n\n\n<div class=\"wp-block-group has-global-padding is-layout-constrained wp-block-group-is-layout-constrained\">\n<p>Die Konrad-Widerholt-Schule (SBBZ) ist eine Innenstadtschule.<br>Sie liegt ca. zehn Gehminuten vom Hauptbahnhof entfernt.<br>Mehrere Bushaltestellen (Bismarckstrasse, Jesingerstrasse, Hindenburgstrasse) befinden sich in unmittelbarer N\u00e4he.<br>Der Weg zum Schwimmunterricht ins Freibad kann zu Fu\u00df zur\u00fcckgelegt werden.<br>Ins Hallenbad nach Dettingen\/Teck m\u00fcssen die Sch\u00fclerinnen und Sch\u00fcler mit dem Bus bef\u00f6rdert werden.<br>Die Kinder der Vorklasse und Klassenstufe 1 werden, wenn der Schulweg mehr als 3 km bzw. 1,5 km betr\u00e4gt mit dem Taxi bef\u00f6rdert.<\/p>\n<\/div>\n\n\n\n<figure class=\"wp-block-gallery has-nested-images columns-default is-cropped wp-block-gallery-1 is-layout-flex wp-block-gallery-is-layout-flex\">\n<figure class=\"wp-block-image size-large\"><img loading=\"lazy\" decoding=\"async\" width=\"1024\" height=\"649\" data-id=\"43\" src=\"https:\/\/sbbz-kirchheim.de\/wp-content\/uploads\/2023\/10\/Schule-1024x649.jpg\" alt=\"\" class=\"wp-image-43\" srcset=\"https:\/\/sbbz-kirchheim.de\/wp-content\/uploads\/2023\/10\/Schule-1024x649.jpg 1024w, https:\/\/sbbz-kirchheim.de\/wp-content\/uploads\/2023\/10\/Schule-300x190.jpg 300w, https:\/\/sbbz-kirchheim.de\/wp-content\/uploads\/2023\/10\/Schule-768x487.jpg 768w, https:\/\/sbbz-kirchheim.de\/wp-content\/uploads\/2023\/10\/Schule-1536x974.jpg 1536w, https:\/\/sbbz-kirchheim.de\/wp-content\/uploads\/2023\/10\/Schule.jpg 1694w\" sizes=\"auto, (max-width: 1024px) 100vw, 1024px\" \/><\/figure>\n<\/figure>\n\n\n\n<p><a href=\"https:\/\/maps.google.de\/maps?f=q&amp;source=s_q&amp;hl=de&amp;geocode=&amp;authuser=0&amp;q=Bismarckstrasse+39,+73230+Kirchheim+unter+Teck&amp;aq=&amp;vps=2&amp;jsv=470c&amp;sll=48.6442,9.45675&amp;sspn=0.007443,0.013711&amp;vpsrc=0&amp;g=Bismarckstrasse+39,+73230+Kirchheim+unter+Teck&amp;ie=UTF8&amp;ct=clnk&amp;cd=1&amp;spell=1\" target=\"_blank\" rel=\"noreferrer noopener\">Anfahrt (Link zu Google Maps)<\/a><\/p>\n","protected":false},"excerpt":{"rendered":"<p>Konrad-Widerholt-Schule Kirchheim unter Teck Sonderp\u00e4dagogisches Bildungs- und Beratungszentrum (SBBZ) mit F\u00f6rderschwerpunkt Lernen 73230 Kirchheim unter Teck, Bismarckstr. 39 Tel.: 07021\/920050 &nbsp;&nbsp; Fax.: 07021\/9200522 Einzugsgebiet Stadt Kirchheim unter Teck mit Vororten, Dettingen, Notzingen und Ohmden.Ab Klassenstufe 5 zus\u00e4tzlich: Bissingen mit Ochsenwang, Erkenbrechtsweiler, Holzmaden,Gemeinde Lenningen mit 7 Teilgemeinden, Owen und Weilheim mit Teilgemeinden. Verkehrsanbindung und Fahrsch\u00fcler Die [&hellip;]<\/p>\n","protected":false},"author":1,"featured_media":0,"parent":0,"menu_order":0,"comment_status":"closed","ping_status":"open","template":"","meta":{"footnotes":""},"class_list":["post-2","page","type-page","status-publish","hentry"],"_links":{"self":[{"href":"https:\/\/sbbz-kirchheim.de\/index.php?rest_route=\/wp\/v2\/pages\/2","targetHints":{"allow":["GET"]}}],"collection":[{"href":"https:\/\/sbbz-kirchheim.de\/index.php?rest_route=\/wp\/v2\/pages"}],"about":[{"href":"https:\/\/sbbz-kirchheim.de\/index.php?rest_route=\/wp\/v2\/types\/page"}],"author":[{"embeddable":true,"href":"https:\/\/sbbz-kirchheim.de\/index.php?rest_route=\/wp\/v2\/users\/1"}],"replies":[{"embeddable":true,"href":"https:\/\/sbbz-kirchheim.de\/index.php?rest_route=%2Fwp%2Fv2%2Fcomments&post=2"}],"version-history":[{"count":4,"href":"https:\/\/sbbz-kirchheim.de\/index.php?rest_route=\/wp\/v2\/pages\/2\/revisions"}],"predecessor-version":[{"id":237,"href":"https:\/\/sbbz-kirchheim.de\/index.php?rest_route=\/wp\/v2\/pages\/2\/revisions\/237"}],"wp:attachment":[{"href":"https:\/\/sbbz-kirchheim.de\/index.php?rest_route=%2Fwp%2Fv2%2Fmedia&parent=2"}],"curies":[{"name":"wp","href":"https:\/\/api.w.org\/{rel}","templated":true}]}}