{"id":155,"date":"2023-10-11T13:05:02","date_gmt":"2023-10-11T11:05:02","guid":{"rendered":"https:\/\/kwfschuleneue.ctl.de\/?page_id=155"},"modified":"2023-10-14T09:45:26","modified_gmt":"2023-10-14T07:45:26","slug":"barrierefreiheit","status":"publish","type":"page","link":"https:\/\/sbbz-kirchheim.de\/?page_id=155","title":{"rendered":"Barrierefreiheit"},"content":{"rendered":"\n<p><strong>Erkl\u00e4rung zur Barrierefreiheit<\/strong><\/p>\n\n\n\n<p>Die \u00dcberwachungsstelle f\u00fcr mediale Barrierefreiheit des Landes Baden-W\u00fcrttemberg ist bem\u00fcht, ihre Webseite in Einklang mit \u00a7 10 Absatz 1 des Landes-Behindertengleichstellungsgesetzes (L-BGG) barrierefrei zug\u00e4nglich zu machen.<\/p>\n\n\n\n<p>Diese Erkl\u00e4rung zur Barrierefreiheit gilt f\u00fcr die Webseite https:\/\/sbbz-kirchheim.de<\/p>\n\n\n\n<ol class=\"wp-block-list\">\n<li>Stand der Vereinbarkeit mit den Anforderungen<\/li>\n<\/ol>\n\n\n\n<p>Diese Webseite ist wegen der folgenden Unvereinbarkeiten teilweise mit \u00a7 10 Absatz 1 L-BGG vereinbar.<\/p>\n\n\n\n<ol class=\"wp-block-list\" start=\"2\">\n<li>Nicht barrierefreie Inhalte<\/li>\n<\/ol>\n\n\n\n<p>Die nachstehend aufgef\u00fchrten Inhalte sind aus den folgenden Gr\u00fcnden nicht barrierefrei:<\/p>\n\n\n\n<p>Unvereinbarkeit mit \u00a7 10 Absatz 1 L-BGG<\/p>\n\n\n\n<ul class=\"wp-block-list\">\n<li>Es sind keine Erl\u00e4uterungen in Deutscher Geb\u00e4rdensprache vorhanden.<\/li>\n\n\n\n<li>Es sind keine Erl\u00e4uterungen in Leichter Sprache vorhanden.<\/li>\n<\/ul>\n\n\n\n<p>Erl\u00e4uterungen in Deutscher Geb\u00e4rdensprache und in Leichter Sprache werden so schnell wie m\u00f6glich zur Verf\u00fcgung gestellt.<\/p>\n\n\n\n<ol class=\"wp-block-list\" start=\"3\">\n<li>Erstellung dieser Erkl\u00e4rung zur Barrierefreiheit<\/li>\n<\/ol>\n\n\n\n<p>Diese Erkl\u00e4rung wurde am 17.05.2021 erstellt.<\/p>\n\n\n\n<p>Die Aussagen bez\u00fcglich der Vereinbarkeit mit den Barrierefreiheitsanforderungen in dieser Erkl\u00e4rung beruhen auf einer Selbstbewertung.<\/p>\n\n\n\n<ol class=\"wp-block-list\" start=\"4\">\n<li>R\u00fcckmeldung und Kontaktangaben<\/li>\n<\/ol>\n\n\n\n<p>Sollten Ihnen M\u00e4ngel in Bezug auf die barrierefreie Gestaltung unserer Seite www.bw-medial-barrierefrei.de auffallen, wenden Sie sich gerne an uns.<\/p>\n\n\n\n<p>Unter folgender Adresse k\u00f6nnen Sie mit uns Kontakt aufnehmen:<\/p>\n\n\n\n<p>SBBZ-Lernen Konrad Widerholtschule<\/p>\n\n\n\n<p>Bismarckstra\u00dfe 39<\/p>\n\n\n\n<p>73230 Kirchheim\/Teck<\/p>\n\n\n\n<p>E-Mail: <a href=\"mailto:rektorat@sbbz-kirchheim.de\" target=\"_blank\" rel=\"noreferrer noopener\">rektorat@sbbz-kirchheim.de<\/a><\/p>\n\n\n\n<p>Telefonisch k\u00f6nnen Sie uns unter der Nummer: 07021-92005-0 erreichen.<\/p>\n\n\n\n<ol class=\"wp-block-list\" start=\"5\">\n<li>Durchsetzungsverfahren<\/li>\n<\/ol>\n\n\n\n<p>Um zu gew\u00e4hrleisten, dass diese Webseite den in \u00a7 10 Absatz 1 L-BGG beschriebenen Anforderungen gen\u00fcgt, k\u00f6nnen Sie sich an die \u00dcberwachungsstelle medialer Barrierefreiheit des Landes Baden-W\u00fcrttemberg wenden und eine entsprechende R\u00fcckmeldung geben. Die entsprechenden Kontaktdaten finden Sie unter Ziffer 4 dieser Erkl\u00e4rung.<\/p>\n\n\n\n<p>Falls die \u00dcberwachungsstelle medialer Barrierefreiheit des Landes Baden-W\u00fcrttemberg nicht innerhalb der in \u00a7 8 Satz 1 L-BGG-DVO vorgesehenen Frist auf Ihre Anfrage antwortet, k\u00f6nnen Sie sich an die Beauftragte der Landesregierung f\u00fcr die Belange von Menschen mit Behinderungen oder an die kommunalen Beauftragten f\u00fcr die Belange von Menschen mit Behinderungen im Rahmen der in \u00a7 14 Absatz 2 Satz 2 L-BGG und \u00a7 15 Absatz 3 Satz 2 L-BGG beschriebenen Ombudsfunktion wenden.<\/p>\n\n\n\n<p>Die Beauftragte der Landesregierung f\u00fcr die Belange von Menschen mit Behinderungen k\u00f6nnen Sie wie folgt erreichen:<\/p>\n\n\n\n<p>Landes-Behindertenbeauftragte Stephanie AeffnerGesch\u00e4ftsstelle der Landes-Behindertenbeauftragten:<\/p>\n\n\n\n<p>Else-Josenhans-Stra\u00dfe 6<\/p>\n\n\n\n<p>70173 Stuttgart<\/p>\n\n\n\n<p>Telefon: 0711-279-3360<\/p>\n\n\n\n<p>E-Mail: <a href=\"mailto:poststelle@bfbmb.bwl.de\" target=\"_blank\" rel=\"noreferrer noopener\">poststelle@bfbmb.bwl.de<\/a><\/p>\n\n\n\n<p>Die Kontaktdaten des\/der f\u00fcr Sie zust\u00e4ndigen kommunalen Beauftragten f\u00fcr die Belange von Menschen mit Behinderungen k\u00f6nnen Sie \u00fcber die Webseite des Stadt- oder Landkreises in Erfahrung bringen, in welchem Sie Ihren dauerhaften Wohnsitz haben.<\/p>\n\n\n\n<p>Auf die M\u00f6glichkeit des Verbandsklagerechts nach \u00a7 12 Absatz 1 Satz 1 Nummer 4 L-BGG wird hingewiesen.<\/p>\n","protected":false},"excerpt":{"rendered":"<p>Erkl\u00e4rung zur Barrierefreiheit Die \u00dcberwachungsstelle f\u00fcr mediale Barrierefreiheit des Landes Baden-W\u00fcrttemberg ist bem\u00fcht, ihre Webseite in Einklang mit \u00a7 10 Absatz 1 des Landes-Behindertengleichstellungsgesetzes (L-BGG) barrierefrei zug\u00e4nglich zu machen. Diese Erkl\u00e4rung zur Barrierefreiheit gilt f\u00fcr die Webseite https:\/\/sbbz-kirchheim.de Diese Webseite ist wegen der folgenden Unvereinbarkeiten teilweise mit \u00a7 10 Absatz 1 L-BGG vereinbar. Die nachstehend [&hellip;]<\/p>\n","protected":false},"author":1,"featured_media":0,"parent":0,"menu_order":0,"comment_status":"closed","ping_status":"closed","template":"","meta":{"footnotes":""},"class_list":["post-155","page","type-page","status-publish","hentry"],"_links":{"self":[{"href":"https:\/\/sbbz-kirchheim.de\/index.php?rest_route=\/wp\/v2\/pages\/155","targetHints":{"allow":["GET"]}}],"collection":[{"href":"https:\/\/sbbz-kirchheim.de\/index.php?rest_route=\/wp\/v2\/pages"}],"about":[{"href":"https:\/\/sbbz-kirchheim.de\/index.php?rest_route=\/wp\/v2\/types\/page"}],"author":[{"embeddable":true,"href":"https:\/\/sbbz-kirchheim.de\/index.php?rest_route=\/wp\/v2\/users\/1"}],"replies":[{"embeddable":true,"href":"https:\/\/sbbz-kirchheim.de\/index.php?rest_route=%2Fwp%2Fv2%2Fcomments&post=155"}],"version-history":[{"count":2,"href":"https:\/\/sbbz-kirchheim.de\/index.php?rest_route=\/wp\/v2\/pages\/155\/revisions"}],"predecessor-version":[{"id":233,"href":"https:\/\/sbbz-kirchheim.de\/index.php?rest_route=\/wp\/v2\/pages\/155\/revisions\/233"}],"wp:attachment":[{"href":"https:\/\/sbbz-kirchheim.de\/index.php?rest_route=%2Fwp%2Fv2%2Fmedia&parent=155"}],"curies":[{"name":"wp","href":"https:\/\/api.w.org\/{rel}","templated":true}]}}