{"id":144,"date":"2023-10-11T12:51:40","date_gmt":"2023-10-11T10:51:40","guid":{"rendered":"https:\/\/kwfschuleneue.ctl.de\/?page_id=144"},"modified":"2023-10-14T09:39:32","modified_gmt":"2023-10-14T07:39:32","slug":"weiteres-material-links-4","status":"publish","type":"page","link":"https:\/\/sbbz-kirchheim.de\/?page_id=144","title":{"rendered":"weiteres Material\/Links"},"content":{"rendered":"\n<h2 class=\"wp-block-heading\"><strong>Sport:<\/strong><\/h2>\n\n\n\n<p><strong>M\u00f6glichkeiten selbst aktiv zu werden<\/strong><\/p>\n\n\n\n<ul class=\"wp-block-list\">\n<li><a href=\"https:\/\/www.youtube.com\/watch?v=q8Rl1VhxXbk\" target=\"_blank\" rel=\"noreferrer noopener\">Alba Berlin Basketball -ALBAs t\u00e4gliche Sportstunde #2 &#8211; Kita<\/a><\/li>\n\n\n\n<li><a href=\"https:\/\/www.youtube.com\/watch?v=olNR0RNaXyU\" target=\"_blank\" rel=\"noreferrer noopener\">Alba Berlin Basketball -ALBAs t\u00e4gliche Sportstunde #1 &#8211; Grundschule<\/a><\/li>\n\n\n\n<li><a href=\"https:\/\/www.youtube.com\/watch?v=3kbhr03wJh4\" target=\"_blank\" rel=\"noreferrer noopener\">Alba Berlin Basketball -ALBAs t\u00e4gliche Sportstunde #3 &#8211; Oberschule<\/a><\/li>\n<\/ul>\n\n\n\n<p><strong>Sport zuhause<\/strong><\/p>\n\n\n\n<ul class=\"wp-block-list\">\n<li><a href=\"https:\/\/sbbz-kirchheim.de\/downloads\/Klassen\/Schreiben\/fitness-challenge-uebungen.pdf\" target=\"_blank\" rel=\"noreferrer noopener\">Fitness-Challenge-\u00dcbungen-Beschreibungen<\/a><\/li>\n\n\n\n<li><a href=\"https:\/\/sbbz-kirchheim.de\/downloads\/Klassen\/Schreiben\/fitness-challenge-arbeitsblatt-1-mit-Bildern.pdf\" target=\"_blank\" rel=\"noreferrer noopener\">Fitness-Challenge-Arbeitsblatt-1-mit-Bildern<\/a><\/li>\n\n\n\n<li><a href=\"https:\/\/sbbz-kirchheim.de\/downloads\/Klassen\/Schreiben\/fitness-challenge-arbeitsblatt-2-mit-Bildern.pdf\" target=\"_blank\" rel=\"noreferrer noopener\">Fitness-Challenge-Arbeitsblatt-2-mit-Bildern<\/a><\/li>\n<\/ul>\n\n\n\n<h1 class=\"wp-block-heading\"><strong>Technik:<\/strong><\/h1>\n\n\n\n<p><strong>online-Angebote<\/strong><\/p>\n\n\n\n<ul class=\"wp-block-list\">\n<li><strong>Bohrmaschinenf\u00fchrerschein<\/strong> <a href=\"https:\/\/www.werken-technik.de\/Bohrmaschinenschein\/Lehrerinfo_bohrmaschinenschein.htm\" target=\"_blank\" rel=\"noreferrer noopener\">https:\/\/www.werken-technik.de\/Bohrmaschinenschein\/Lehrerinfo_bohrmaschinenschein.htm<\/a><\/li>\n<\/ul>\n\n\n\n<h1 class=\"wp-block-heading\"><strong>Computer:<\/strong><\/h1>\n\n\n\n<ul class=\"wp-block-list\">\n<li><strong>Internet und surfen Lernmodule<\/strong> <a href=\"https:\/\/www.internet-abc.de\/kinder\/lernen-schule\/lernmodule\/\" target=\"_blank\" rel=\"noreferrer noopener\">https:\/\/www.internet-abc.de\/kinder\/lernen-schule\/lernmodule\/<\/a><\/li>\n<\/ul>\n\n\n\n<ul class=\"wp-block-list\">\n<li><strong>Internet-Surfschein-Qiuz <\/strong><a href=\"https:\/\/www.internet-abc.de\/kinder\/lernen-schule\/surfschein\/\" target=\"_blank\" rel=\"noreferrer noopener\">https:\/\/www.internet-abc.de\/kinder\/lernen-schule\/surfschein\/<\/a><\/li>\n\n\n\n<li><strong>Programmieren am PC -keine Anmeldung n\u00f6tig, die Kurse k\u00f6nnen gleich gestartet werden<\/strong> <a href=\"https:\/\/studio.code.org\/courses\" target=\"_blank\" rel=\"noreferrer noopener\">https:\/\/studio.code.org\/courses<\/a><\/li>\n\n\n\n<li><strong>Programieren auch f\u00fcr j\u00fcngere Sch\u00fcler <\/strong><a href=\"https:\/\/programmieren.wdrmaus.de\/welcome\" target=\"_blank\" rel=\"noreferrer noopener\">https:\/\/programmieren.wdrmaus.de\/welcome<\/a><\/li>\n\n\n\n<li><strong>PC\/Zum Thema Fakenews: Wie erkenne ich Falschnachrichten? <\/strong><a href=\"https:\/\/schule.swrfakefinder.de\/thema\/DVHgD\" target=\"_blank\" rel=\"noreferrer noopener\">https:\/\/schule.swrfakefinder.de\/thema\/DVHgD<\/a><\/li>\n\n\n\n<li><strong>Avatar <\/strong>Einen eigenen Avatar erstellen: <a href=\"http:\/\/www.cartoonify.de\" target=\"_blank\" rel=\"noreferrer noopener\">www.cartoonify.de<\/a><\/li>\n\n\n\n<li><strong>Pixelart <\/strong>Wie bei Minecraft mit Pixeln malen:&nbsp; <a href=\"http:\/\/www.pixilart.com\/\" target=\"_blank\" rel=\"noreferrer noopener\">www.pixilart.com<\/a><\/li>\n\n\n\n<li><strong>Montagsmaler <\/strong>Hier kannst du mit anderen im Internet Montagsmaler spielen. Man kann \u00fcber eine private Session Freunde hierzu einladen: <a href=\"https:\/\/skribbl.io\" target=\"_blank\" rel=\"noreferrer noopener\">https:\/\/skribbl.io<\/a><\/li>\n<\/ul>\n\n\n\n<h1 class=\"wp-block-heading\"><strong>Kostenloses Arbeitsmaterial und \u00dcbungsbl\u00e4tter:<\/strong><\/h1>\n\n\n\n<ul class=\"wp-block-list\">\n<li><strong>Portal f\u00fcr Arbeitsbl\u00e4tter\/\u00dcbungsmaterial <\/strong><a href=\"https:\/\/www.klassenarbeiten.de\/\" target=\"_blank\" rel=\"noreferrer noopener\">https:\/\/www.klassenarbeiten.de\/<\/a><\/li>\n\n\n\n<li>eBook <strong>\u201e<a href=\"https:\/\/www.schulleiter.de\/wp-content\/uploads\/2020\/03\/Lern-Spass-fuer-zuhause-Uebungen-fuer-die-Grundschule1.pdf\" target=\"_blank\" rel=\"noreferrer noopener\">Lern-Spa\u00df f\u00fcr zuhause<\/a>\u201c mit einfachen \u00dcbungen f\u00fcr Deutsch und Mathematik<\/strong>,<\/li>\n\n\n\n<li><strong>Interaktive Fragen zu einzelnen F\u00e4chern und Alters-\/Schulstufen<\/strong> <a href=\"https:\/\/www.schlaukopf.de\/\" target=\"_blank\" rel=\"noreferrer noopener\">https:\/\/www.schlaukopf.de\/<\/a><\/li>\n<\/ul>\n\n\n\n<p><strong>Anleitung zum Brotbacken<\/strong><\/p>\n\n\n\n<ul class=\"wp-block-list\">\n<li><a href=\"https:\/\/sbbz-kirchheim.de\/wp-content\/uploads\/2023\/10\/Brotbacken2020.pdf\" data-type=\"attachment\" data-id=\"137\" target=\"_blank\" rel=\"noreferrer noopener\">Rezepte zum Brotbacken<\/a><\/li>\n\n\n\n<li><a href=\"https:\/\/sbbz-kirchheim.de\/wp-content\/uploads\/2023\/10\/Broetchenrezept.pdf\" data-type=\"attachment\" data-id=\"138\" target=\"_blank\" rel=\"noreferrer noopener\">Anleitung zum Br\u00f6tchen backen<\/a><\/li>\n<\/ul>\n\n\n\n<h1 class=\"wp-block-heading\"><strong>Kunst<\/strong><\/h1>\n\n\n\n<ul class=\"wp-block-list\">\n<li><a href=\"https:\/\/www.kidsweb.de\/basteln\/mandala\/mandalas.htm\" target=\"_blank\" rel=\"noreferrer noopener\">Mandalas zum Ausmalen<\/a><\/li>\n\n\n\n<li><a href=\"https:\/\/www.schule-und-familie.de\/malvorlagen\/malen-nach-zahlen.html\" target=\"_blank\" rel=\"noreferrer noopener\">Malen nach Zahlen<\/a><\/li>\n\n\n\n<li><a href=\"https:\/\/www.kinder-malvorlagen.com\/\" target=\"_blank\" rel=\"noreferrer noopener\">Ausmalbilder<\/a><\/li>\n<\/ul>\n\n\n\n<p><strong>Basteln<\/strong><\/p>\n\n\n\n<ul class=\"wp-block-list\">\n<li>Kinderspiele-Welt&nbsp;&nbsp; <a href=\"https:\/\/www.kinderspiele-welt.de\/basteln-und-werkeln\" target=\"_blank\" rel=\"noreferrer noopener\">https:\/\/www.kinderspiele-welt.de\/basteln-und-werkeln<\/a><\/li>\n\n\n\n<li>Geolino-Basteln&nbsp;&nbsp; <a href=\"https:\/\/www.geo.de\/geolino\/basteln\" target=\"_blank\" rel=\"noreferrer noopener\">https:\/\/www.geo.de\/geolino\/basteln<\/a><\/li>\n\n\n\n<li>Familie-Basteln&nbsp;&nbsp; <a href=\"https:\/\/www.familie.de\/diy\/basteln\/\" target=\"_blank\" rel=\"noreferrer noopener\">https:\/\/www.familie.de\/diy\/basteln\/<\/a><\/li>\n\n\n\n<li>Besserbasteln&nbsp;&nbsp; <a href=\"https:\/\/www.besserbasteln.de\/basteln_mit_kindern.html\" target=\"_blank\" rel=\"noreferrer noopener\">https:\/\/www.besserbasteln.de\/basteln_mit_kindern.html<\/a><\/li>\n\n\n\n<li>Kidsweb&nbsp;&nbsp; <a href=\"https:\/\/www.besserbasteln.de\/basteln_mit_kindern.html\" target=\"_blank\" rel=\"noreferrer noopener\">https:\/\/www.besserbasteln.de\/basteln_mit_kindern.html<\/a><\/li>\n\n\n\n<li>Papierflieger&nbsp;&nbsp; <a href=\"https:\/\/www.besserbasteln.de\/Origami\/papierflieger.html\" target=\"_blank\" rel=\"noreferrer noopener\">https:\/\/www.besserbasteln.de\/Origami\/papierflieger.html<\/a><\/li>\n<\/ul>\n","protected":false},"excerpt":{"rendered":"<p>Sport: M\u00f6glichkeiten selbst aktiv zu werden Sport zuhause Technik: online-Angebote Computer: Kostenloses Arbeitsmaterial und \u00dcbungsbl\u00e4tter: Anleitung zum Brotbacken Kunst Basteln<\/p>\n","protected":false},"author":1,"featured_media":0,"parent":0,"menu_order":0,"comment_status":"closed","ping_status":"closed","template":"","meta":{"footnotes":""},"class_list":["post-144","page","type-page","status-publish","hentry"],"_links":{"self":[{"href":"https:\/\/sbbz-kirchheim.de\/index.php?rest_route=\/wp\/v2\/pages\/144","targetHints":{"allow":["GET"]}}],"collection":[{"href":"https:\/\/sbbz-kirchheim.de\/index.php?rest_route=\/wp\/v2\/pages"}],"about":[{"href":"https:\/\/sbbz-kirchheim.de\/index.php?rest_route=\/wp\/v2\/types\/page"}],"author":[{"embeddable":true,"href":"https:\/\/sbbz-kirchheim.de\/index.php?rest_route=\/wp\/v2\/users\/1"}],"replies":[{"embeddable":true,"href":"https:\/\/sbbz-kirchheim.de\/index.php?rest_route=%2Fwp%2Fv2%2Fcomments&post=144"}],"version-history":[{"count":3,"href":"https:\/\/sbbz-kirchheim.de\/index.php?rest_route=\/wp\/v2\/pages\/144\/revisions"}],"predecessor-version":[{"id":229,"href":"https:\/\/sbbz-kirchheim.de\/index.php?rest_route=\/wp\/v2\/pages\/144\/revisions\/229"}],"wp:attachment":[{"href":"https:\/\/sbbz-kirchheim.de\/index.php?rest_route=%2Fwp%2Fv2%2Fmedia&parent=144"}],"curies":[{"name":"wp","href":"https:\/\/api.w.org\/{rel}","templated":true}]}}