{"id":121,"date":"2023-10-11T12:23:05","date_gmt":"2023-10-11T10:23:05","guid":{"rendered":"https:\/\/kwfschuleneue.ctl.de\/?page_id=121"},"modified":"2026-04-27T15:01:23","modified_gmt":"2026-04-27T13:01:23","slug":"downloads","status":"publish","type":"page","link":"https:\/\/sbbz-kirchheim.de\/?page_id=121","title":{"rendered":"Downloads"},"content":{"rendered":"\n<p class=\"has-black-color has-text-color has-link-color wp-elements-99f9783846dc857840d28608b367625c\"><strong>Freiwillige (BFD oder FSJ) f\u00fcr die Schulsozialarbeit gesucht!<\/strong><\/p>\n\n\n\n<p><a href=\"https:\/\/sbbz-kirchheim.de\/wp-content\/uploads\/2024\/03\/2024-03-11_FSJ_Schulsozialarbeit_SBBZ.pdf\" data-type=\"attachment\" data-id=\"358\" target=\"_blank\" rel=\"noreferrer noopener\">Download Stellenausschreibung<\/a><\/p>\n\n\n\n<p class=\"has-black-color has-text-color has-link-color has-black-color has-text-color\"><strong> <\/strong><\/p>\n\n\n\n<p><\/p>\n\n\n\n<p><\/p>\n\n\n\n<p class=\"has-secondary-color has-text-color has-link-color wp-elements-bac09ef3b8edb2804a50138cb96c5f02\"><strong><em>Speisepl\u00e4ne vorbehaltlich<\/em><\/strong><\/p>\n\n\n\n<figure class=\"wp-block-table\"><table><tbody><tr><td><a href=\"https:\/\/sbbz-kirchheim.de\/wp-content\/uploads\/2026\/03\/Speiseplan-KW-18.pdf\" data-type=\"attachment\" data-id=\"612\">Speiseplan ab 27.04.<\/a><\/td><td><a href=\"https:\/\/sbbz-kirchheim.de\/wp-content\/uploads\/2026\/03\/Speiseplan-KW-19.pdf\" data-type=\"attachment\" data-id=\"616\" target=\"_blank\" rel=\"noreferrer noopener\">Speiseplan ab 04.05.<\/a><\/td><td><a href=\"https:\/\/sbbz-kirchheim.de\/wp-content\/uploads\/2026\/03\/Speiseplan-KW-20.pdf\" data-type=\"attachment\" data-id=\"617\" target=\"_blank\" rel=\"noreferrer noopener\">Speiseplan ab 11.05.<\/a><\/td><\/tr><tr><td><a href=\"https:\/\/sbbz-kirchheim.de\/wp-content\/uploads\/2026\/03\/Speiseplan-KW-21.pdf\" data-type=\"attachment\" data-id=\"618\" target=\"_blank\" rel=\"noreferrer noopener\">Speiseplan ab 18.05.<\/a><\/td><td><a href=\"https:\/\/sbbz-kirchheim.de\/wp-content\/uploads\/2026\/04\/Speiseplan-KW-24.pdf\" data-type=\"attachment\" data-id=\"625\" target=\"_blank\" rel=\"noreferrer noopener\">Speiseplan ab 08.06.<\/a><\/td><td><a href=\"https:\/\/sbbz-kirchheim.de\/wp-content\/uploads\/2026\/04\/Speiseplan-KW-25.pdf\" data-type=\"attachment\" data-id=\"624\" target=\"_blank\" rel=\"noreferrer noopener\">Speiseplan ab 15.06.<\/a><\/td><\/tr><tr><td><a href=\"https:\/\/sbbz-kirchheim.de\/wp-content\/uploads\/2026\/04\/Speiseplan-KW-26.pdf\" data-type=\"attachment\" data-id=\"623\" target=\"_blank\" rel=\"noreferrer noopener\">Speiseplan ab 22.06.<\/a><\/td><td><\/td><td><\/td><\/tr><\/tbody><\/table><\/figure>\n\n\n\n<p class=\"has-black-color has-text-color has-medium-font-size\"><\/p>\n\n\n\n<p><a href=\"https:\/\/sbbz-kirchheim.de\/wp-content\/uploads\/2025\/09\/Ferienplan_2025-2026.pdf\" data-type=\"attachment\" data-id=\"552\" target=\"_blank\" rel=\"noreferrer noopener\">Ferienplan Schuljahr 25\/26<\/a><\/p>\n\n\n\n<p><a href=\"https:\/\/sbbz-kirchheim.de\/wp-content\/uploads\/2026\/02\/Ferienplan-2026-2027.pdf\" data-type=\"attachment\" data-id=\"602\" target=\"_blank\" rel=\"noreferrer noopener\">Ferienplan Schuljahr 26\/2<\/a>7<\/p>\n\n\n\n<p class=\"has-black-color has-text-color\"><strong><em>Sonderp\u00e4dagogischer Dienst<\/em><\/strong><\/p>\n\n\n\n<p><a href=\"https:\/\/sbbz-kirchheim.de\/wp-content\/uploads\/2023\/10\/Formular-SPU-Antrag.pdf\" data-type=\"attachment\" data-id=\"87\" target=\"_blank\" rel=\"noreferrer noopener\">Antragsformular f\u00fcr Sonderp\u00e4dagogische Unterst\u00fctzung<\/a><\/p>\n\n\n\n<p><a href=\"https:\/\/sbbz-kirchheim.de\/wp-content\/uploads\/2023\/10\/Aufgaben-sonderpaedagogischer-Dienst.pdf\" data-type=\"attachment\" data-id=\"84\" target=\"_blank\" rel=\"noreferrer noopener\">Schaubild Aufgaben sonderp\u00e4dagogischer Dienst<\/a><\/p>\n\n\n\n<p><a href=\"https:\/\/sbbz-kirchheim.de\/wp-content\/uploads\/2023\/10\/Formular-SpFA-Schulantrag.pdf\" data-type=\"attachment\" data-id=\"86\" target=\"_blank\" rel=\"noreferrer noopener\">Formular &#8211; SpFA-Schulantrag<\/a><\/p>\n\n\n\n<p><a href=\"https:\/\/sbbz-kirchheim.de\/wp-content\/uploads\/2023\/10\/Formular-SpFA-Erziehungsberechtigte.pdf\" data-type=\"attachment\" data-id=\"85\" target=\"_blank\" rel=\"noreferrer noopener\">SpFA-Erziehungsberechtigte<\/a><\/p>\n\n\n\n<p class=\"has-black-color has-text-color\"><em><strong>Flyer: Konrad-Widerholtschule SBBZ LERNEN<\/strong><\/em><\/p>\n\n\n\n<p><a href=\"https:\/\/www.landkreis-esslingen.de\/site\/LRA-Esslingen-ROOT\/get\/params_E1122564794\/13568165\/336_Flyer%20IFS%20ES_2017-02_neues%20Bild.pdf\" target=\"_blank\" rel=\"noreferrer noopener\">Flyer: Elternberatung und Fr\u00fchf\u00f6rderung f\u00fcr Kinder &#8211; F\u00f6rderverbund Kirchheim<\/a><\/p>\n\n\n\n<p><a href=\"https:\/\/sbbz-kirchheim.de\/wp-content\/uploads\/2023\/10\/flyer_fruehfoerderung.pdf\" data-type=\"attachment\" data-id=\"96\" target=\"_blank\" rel=\"noreferrer noopener\">Flyer Fr\u00fchf\u00f6rderung<\/a><\/p>\n\n\n\n<p><a href=\"https:\/\/sbbz-kirchheim.de\/wp-content\/uploads\/2023\/10\/flyer_eingangsklasse.pdf\" data-type=\"attachment\" data-id=\"127\" target=\"_blank\" rel=\"noreferrer noopener\">Flyer Eingangsklasse<\/a><\/p>\n\n\n\n<p><a href=\"https:\/\/sbbz-kirchheim.de\/wp-content\/uploads\/2023\/10\/flyer_schule.pdf\" data-type=\"attachment\" data-id=\"125\" target=\"_blank\" rel=\"noreferrer noopener\">Flyer Schule<\/a><\/p>\n\n\n\n<p><a href=\"https:\/\/sbbz-kirchheim.de\/wp-content\/uploads\/2023\/10\/flyer_foerderverein.pdf\" data-type=\"attachment\" data-id=\"67\" target=\"_blank\" rel=\"noreferrer noopener\">Flyer F\u00f6rderverein<\/a><\/p>\n\n\n\n<p><a href=\"https:\/\/sbbz-kirchheim.de\/downloads\/Sch\u00fclerzeitung\/Schulzeitung-KWFS-01.pdf\" target=\"_blank\" rel=\"noreferrer noopener\">Sch\u00fclerzeitung 01\/April 2020<\/a>&nbsp;<\/p>\n","protected":false},"excerpt":{"rendered":"<p>Freiwillige (BFD oder FSJ) f\u00fcr die Schulsozialarbeit gesucht! Download Stellenausschreibung Speisepl\u00e4ne vorbehaltlich Speiseplan ab 27.04. Speiseplan ab 04.05. Speiseplan ab 11.05. Speiseplan ab 18.05. Speiseplan ab 08.06. Speiseplan ab 15.06. Speiseplan ab 22.06. Ferienplan Schuljahr 25\/26 Ferienplan Schuljahr 26\/27 Sonderp\u00e4dagogischer Dienst Antragsformular f\u00fcr Sonderp\u00e4dagogische Unterst\u00fctzung Schaubild Aufgaben sonderp\u00e4dagogischer Dienst Formular &#8211; SpFA-Schulantrag SpFA-Erziehungsberechtigte Flyer: Konrad-Widerholtschule [&hellip;]<\/p>\n","protected":false},"author":1,"featured_media":0,"parent":0,"menu_order":0,"comment_status":"closed","ping_status":"closed","template":"","meta":{"footnotes":""},"class_list":["post-121","page","type-page","status-publish","hentry"],"_links":{"self":[{"href":"https:\/\/sbbz-kirchheim.de\/index.php?rest_route=\/wp\/v2\/pages\/121","targetHints":{"allow":["GET"]}}],"collection":[{"href":"https:\/\/sbbz-kirchheim.de\/index.php?rest_route=\/wp\/v2\/pages"}],"about":[{"href":"https:\/\/sbbz-kirchheim.de\/index.php?rest_route=\/wp\/v2\/types\/page"}],"author":[{"embeddable":true,"href":"https:\/\/sbbz-kirchheim.de\/index.php?rest_route=\/wp\/v2\/users\/1"}],"replies":[{"embeddable":true,"href":"https:\/\/sbbz-kirchheim.de\/index.php?rest_route=%2Fwp%2Fv2%2Fcomments&post=121"}],"version-history":[{"count":89,"href":"https:\/\/sbbz-kirchheim.de\/index.php?rest_route=\/wp\/v2\/pages\/121\/revisions"}],"predecessor-version":[{"id":627,"href":"https:\/\/sbbz-kirchheim.de\/index.php?rest_route=\/wp\/v2\/pages\/121\/revisions\/627"}],"wp:attachment":[{"href":"https:\/\/sbbz-kirchheim.de\/index.php?rest_route=%2Fwp%2Fv2%2Fmedia&parent=121"}],"curies":[{"name":"wp","href":"https:\/\/api.w.org\/{rel}","templated":true}]}}