{"id":112,"date":"2023-10-11T12:12:03","date_gmt":"2023-10-11T10:12:03","guid":{"rendered":"https:\/\/kwfschuleneue.ctl.de\/?page_id=112"},"modified":"2024-10-16T17:42:44","modified_gmt":"2024-10-16T15:42:44","slug":"aktuelles","status":"publish","type":"page","link":"https:\/\/sbbz-kirchheim.de\/?page_id=112","title":{"rendered":"Aktuelles"},"content":{"rendered":"\n<p><strong>Aktionsverkauf unseres F\u00f6rdervereins<\/strong><\/p>\n\n\n\n<p>Am Samstag, den 11.11.2023 von 10:00 Uhr bis 13:00 Uhr hatte unser F\u00f6rderverein einen Verkauf in unserer Schule.<\/p>\n\n\n\n<p>Es gab Holzofenbrot, Flachswickel, D\u00e4tscher, Apfelsaft und weitere Kleinigkeiten zu kaufen.<\/p>\n\n\n\n<p>Der F\u00f6rderverein unterst\u00fctzt damit Projekte wie das Bandprojekt mit Antiheld und hilft auch Sch\u00fclern und Sch\u00fclerinnen.<\/p>\n\n\n\n<figure class=\"wp-block-gallery has-nested-images columns-default is-cropped wp-block-gallery-1 is-layout-flex wp-block-gallery-is-layout-flex\">\n<figure class=\"wp-block-image size-large\"><img loading=\"lazy\" decoding=\"async\" width=\"982\" height=\"768\" data-id=\"113\" src=\"https:\/\/sbbz-kirchheim.de\/wp-content\/uploads\/2023\/10\/Verkauf_Frderverein_klein.png\" alt=\"\" class=\"wp-image-113\" srcset=\"https:\/\/sbbz-kirchheim.de\/wp-content\/uploads\/2023\/10\/Verkauf_Frderverein_klein.png 982w, https:\/\/sbbz-kirchheim.de\/wp-content\/uploads\/2023\/10\/Verkauf_Frderverein_klein-300x235.png 300w, https:\/\/sbbz-kirchheim.de\/wp-content\/uploads\/2023\/10\/Verkauf_Frderverein_klein-768x601.png 768w\" sizes=\"auto, (max-width: 982px) 100vw, 982px\" \/><figcaption class=\"wp-element-caption\">Verkauf F\u00f6rderverein<\/figcaption><\/figure>\n<\/figure>\n\n\n\n<div class=\"wp-block-group has-global-padding is-layout-constrained wp-block-group-is-layout-constrained\">\n<p><\/p>\n\n\n\n<h2 class=\"wp-block-heading\"><strong>Archiv<\/strong><\/h2>\n\n\n\n<p><a href=\"https:\/\/sbbz-kirchheim.de\/downloads\/Artikel%20Schule\/Sozial-AG.pdf\" target=\"_blank\" rel=\"noreferrer noopener\">Bericht_Sozial-AG Schuljahr 17\/18<\/a><\/p>\n\n\n\n<p><a href=\"https:\/\/sbbz-kirchheim.de\/downloads\/Artikel%20Schule\/Projekttage_2017.pdf\" target=\"_blank\" rel=\"noreferrer noopener\">Bericht \u00fcber Projekttage Schuljahr 16\/17<\/a><\/p>\n\n\n\n<p><a href=\"https:\/\/sbbz-kirchheim.de\/downloads\/Artikel%20Schule\/Schullandheim.pdf\" target=\"_blank\" rel=\"noreferrer noopener\">Eine ganze Schule auf Reisen Schullandheim Pfronstetten 2016<\/a><\/p>\n\n\n\n<p><a href=\"https:\/\/sbbz-kirchheim.de\/downloads\/Artikel%20Schule\/Backhaus.pdf\" target=\"_blank\" rel=\"noreferrer noopener\">Bericht Backhaus<\/a><\/p>\n\n\n\n<p><a href=\"https:\/\/sbbz-kirchheim.de\/downloads\/Artikel%20Schule\/AG%20fit%20for%20family.pdf\" target=\"_blank\" rel=\"noreferrer noopener\">Bericht AG Fit for family<\/a><\/p>\n\n\n\n<p><a href=\"https:\/\/sbbz-kirchheim.de\/downloads\/Artikel%20Schule\/Bauernhof.pdf\" target=\"_blank\" rel=\"noreferrer noopener\">Bauernhof-AG<\/a><\/p>\n\n\n\n<p><a href=\"https:\/\/sbbz-kirchheim.de\/downloads\/Artikel%20Schule\/Schulband.pdf\" target=\"_blank\" rel=\"noreferrer noopener\">Schulband \u201eThe Conrads\u201c und Trommelgruppe<\/a><\/p>\n\n\n\n<p><a href=\"https:\/\/sbbz-kirchheim.de\/downloads\/Artikel%20Schule\/Besser%20als%20Schule.pdf\" target=\"_blank\" rel=\"noreferrer noopener\">Bericht Praktikum Hohenreisach Schuljahr 2015\/2016&nbsp; &#8222;Besser als Schule&#8220;<\/a><\/p>\n<\/div>\n\n\n\n<div class=\"wp-block-group has-global-padding is-layout-constrained wp-block-group-is-layout-constrained\">\n<h2 class=\"wp-block-heading\">Artikel unserer Schule im Teckboten<\/h2>\n\n\n\n<p><a href=\"https:\/\/sbbz-kirchheim.de\/wp-content\/uploads\/2024\/10\/2024_09_28_Hanne-Ehrenamt-Schwimmen-.pdf\" data-type=\"attachment\" data-id=\"456\" target=\"_blank\" rel=\"noreferrer noopener\">Artikel Teckbote vom 28.09.2024 Ehrenamt Schwimmen mit Frau Schorr<\/a><\/p>\n\n\n\n<p class=\"has-secondary-color has-text-color has-link-color wp-elements-94a82400b3e24c3ec70dd1fa77e3d453\"><a href=\"https:\/\/sbbz-kirchheim.de\/wp-content\/uploads\/2024\/04\/Artikel-Teckbote_2024.04.20.pdf\" data-type=\"attachment\" data-id=\"393\" target=\"_blank\" rel=\"noreferrer noopener\">Artikel Teckbote vom 20.04.2024 &#8222;Desaster&#8220; -Theaterprojekt<\/a><\/p>\n\n\n\n<p><a href=\"https:\/\/www.teckbote.de\/nachrichten\/lokalnachrichten-kirchheim_artikel,-zehn-wochen-lang-stand-ballettunterricht-auf-dem-stundenplan-_arid,325267.html\" target=\"_blank\" rel=\"noreferrer noopener\">Artikel Teckbote vom 14.12.2023 10 Wochen Ballett<\/a><\/p>\n\n\n\n<p><a href=\"https:\/\/www.teckbote.de\/nachrichten\/lokalnachrichten-kirchheim_artikel,-flashmob-der-kirchheimer-schulen-singen-vor-dem-rathaus-_arid,318208.html\" target=\"_blank\" rel=\"noreferrer noopener\">Artikel Teckbote vom 13.07.2023 Flashmob<\/a><\/p>\n\n\n\n<p><a href=\"https:\/\/www.jugendhilfe-ziegelhuette.de\/fileadmin\/Media\/Bilder_allgemein\/2023\/43._Weihnachtsaktion_endet_mit_Spendenrekord_-_Kirchheim_-_Teckbote.pdf\" target=\"_blank\" rel=\"noreferrer noopener\">Artikel Teckbote vom 03.04.2023 43. Weihnachtsaktion<\/a><\/p>\n\n\n\n<p><a href=\"https:\/\/www.teckbote.de\/nachrichten\/lokalnachrichten-kirchheim_artikel,-lernen-fuers-leben-mit-brot-und-pizzabacken-_arid,309467.html\" target=\"_blank\" rel=\"noreferrer noopener\">Artikel Teckbote vom 10.01.2023 Lernen f\u00fcrs Leben<\/a><\/p>\n\n\n\n<p><a href=\"https:\/\/www.teckbote.de\/nachrichten\/lokalnachrichten-kirchheim_artikel,-wandertrolle-bevoelkern-die-konrad-widerholt-schule-_arid,308036.html\" target=\"_blank\" rel=\"noreferrer noopener\">Artikel Teckbote vom 30.11.2022 Wandertrolle<\/a><\/p>\n\n\n\n<p><a href=\"https:\/\/www.teckbote.de\/nachrichten\/lokalnachrichten-kirchheim_artikel,-teckboten-weihnachtsaktion-in-der-kw-schule-wird-fuers-leben-gelernt-_arid,307520.html\" target=\"_blank\" rel=\"noreferrer noopener\">Artikel Teckbote vom 18.11.2022 Teckboten-Weihnachtsaktion<\/a><\/p>\n\n\n\n<p><a href=\"https:\/\/www.teckbote.de\/nachrichten\/lokalnachrichten-kirchheim_artikel,-ein-jubelfest-zum-jubilaeum-der-konrad-widerholt-schule-_arid,299591.html\" target=\"_blank\" rel=\"noreferrer noopener\">Artikel Teckbote vom 02.06.2022 Ein Jubelfest zum Jubil\u00e4um<\/a><\/p>\n\n\n\n<p><a href=\"https:\/\/www.teckbote.de\/nachrichten\/lokalnachrichten-kirchheim_artikel,-wenn-ballettunterricht-mit-profis-auf-dem-stundenplan-steht-_arid,298250.html\" target=\"_blank\" rel=\"noreferrer noopener\">Artikel Teckbote vom 06.05.2022 Ballettunterricht auf dem Stundenplan<\/a><\/p>\n\n\n\n<p><a href=\"https:\/\/www.teckbote.de\/startseite_artikel,-bunte-farben-statt-beton-tristesse-_arid,262121.html\" target=\"_blank\" rel=\"noreferrer noopener\">Artikel Teckbote vom 03.12.2020 Bunte Farben statt Beton<\/a><\/p>\n\n\n\n<p><a href=\"https:\/\/www.teckbote.de\/startseite_artikel,-ab-in-den-wald-mit-euch-_arid,250904.html\" target=\"_blank\" rel=\"noreferrer noopener\">Artikel Teckbote vom 11.07.2020 Ab in den Wald mit Euch<\/a><\/p>\n\n\n\n<p><a href=\"https:\/\/www.teckbote.de\/nachrichten\/lokalnachrichten-kirchheimer-umland_artikel,-jenseits-von-tablet-und-spielkonsole-_arid,237725.html\" target=\"_blank\" rel=\"noreferrer noopener\">Artikel Teckbote vom 02.01.2020 Jenseits von Tablet und Spielkonsole<\/a><\/p>\n\n\n\n<p><a href=\"https:\/\/www.teckbote.de\/startseite_artikel,-nachhaltigkeit-in-die-koepfe-pflanzen-_arid,234971.html\" target=\"_blank\" rel=\"noreferrer noopener\">Artikel Teckbote vom 24.10.2019 Nachhaltigkeit in die K\u00f6pfe pflanzen<\/a><\/p>\n\n\n\n<p><a href=\"https:\/\/www.teckbote.de\/startseite_artikel,-lesen-macht-nicht-nur-happy-gluecklich-_arid,230104.html\" target=\"_blank\" rel=\"noreferrer noopener\">Artikel Teckbote vom 04.06.2019 Lesen macht nicht nur Happy gl\u00fccklich<\/a><\/p>\n\n\n\n<p><a href=\"https:\/\/www.teckbote.de\/nachrichten\/lokalnachrichten-kirchheimer-umland_artikel,-schueler-spielen-die-abenteuer-des-starken-wanja-_arid,227497.html\" target=\"_blank\" rel=\"noreferrer noopener\">Artikel Teckbote vom 23.03. 2019 Sch\u00fcler spielen: Die Abenteuer des&nbsp; starken Wanja<\/a><\/p>\n\n\n\n<p><a href=\"https:\/\/www.teckbote.de\/startseite_artikel,-basteln-ist-pflichtunterricht-_arid,226799.html\" target=\"_blank\" rel=\"noreferrer noopener\">Artikel Teckbote vom 07.03.2019 Basteln ist Pflichtunterricht<\/a><\/p>\n\n\n\n<p><a href=\"https:\/\/www.teckbote.de\/startseite_artikel,-brandschutz-macht-charmante-schulen-zu-sicherheitstrakten-_arid,214579.html\" target=\"_blank\" rel=\"noreferrer noopener\">Artikel Teckbote vom 21.04.2018&nbsp;Brandschutz macht charmante Schulen zu Sicherheitstrakten<\/a><\/p>\n\n\n\n<p><a href=\"https:\/\/www.teckbote.de\/nachrichten\/lokalnachrichten-kirchheimer-umland_artikel,-mosolf-bekennt-sich-zum-standort-_arid,209976.html\" target=\"_blank\" rel=\"noreferrer noopener\">Artikel Teckbote vom 23.12.2017&nbsp; Mosolf bekennt sich zum Standort Kirchheim<\/a><\/p>\n\n\n\n<p><a href=\"https:\/\/www.teckbote.de\/nachrichten\/lokalnachrichten-kirchheim_artikel,-schueler-lernen-ballett-_arid,209947.html\" target=\"_blank\" rel=\"noreferrer noopener\">Artikel Teckbote vom 22.12.2017 Kinder lernen Ballett<\/a><\/p>\n\n\n\n<p><a href=\"https:\/\/www.teckbote.de\/nachrichten\/lokalnachrichten-kirchheim_artikel,-kinder-singen-beim-flashmob-_arid,203752.html\" target=\"_blank\" rel=\"noreferrer noopener\">Artikel Teckbote vom 22.07.2017 Kinder singen beim Flashmob<\/a><\/p>\n\n\n\n<p><a href=\"https:\/\/www.teckbote.de\/nachrichten\/lokalnachrichten-kirchheimer-umland_artikel,-jeder-mensch-ist-ein-kuenstler-_arid,203312.html\" target=\"_blank\" rel=\"noreferrer noopener\">Artikel Teckbote Schulkunstausstellung vom 12.07.2017<\/a><\/p>\n\n\n\n<p><a href=\"https:\/\/www.teckbote.de\/nachrichten\/lokalnachrichten-kirchheimer-umland_artikel,-jeder-mensch-ist-ein-kuenstler-_arid,203312.html\" target=\"_blank\" rel=\"noreferrer noopener\">Artikel Teckbote vom 28.03.2017 Theaterprojekt Lippel&#8217;s Traum<\/a><\/p>\n\n\n\n<p><a href=\"http:\/\/www.teckbote.de\/nachrichten\/zwischen-neckar-und-alb_artikel,-Schule-braucht-mehr-als-Mathe-und-Deutsch-_arid,91632.html\" target=\"_blank\" rel=\"noreferrer noopener\">Artikel Teckbote 11.03.2016: Schule braucht mehr als Mathe und Deutsch<\/a><\/p>\n\n\n\n<p><a href=\"http:\/\/www.teckbote.de\/nachrichten\/artikel-kirchheim_artikel,-Rauchen-ist-uncool-_arid,94824.html\" target=\"_blank\" rel=\"noreferrer noopener\">Artikel Teckbote 03.06.2016 Rauchen ist uncool<\/a><\/p>\n\n\n\n<p><a href=\"http:\/\/www.teckbote.de\/nachrichten\/kirchheim-und-umland_artikel,-Kinder-fuer-den-Lebensweg-formen-_arid,88996.html\" target=\"_blank\" rel=\"noreferrer noopener\">Artikel Teckbote vom Di.08.10.2015 Weltlehrertag-KW-Schule<\/a><\/p>\n\n\n\n<p><a href=\"http:\/\/www.teckbote.de\/nachrichten\/stadt-kreis_artikel,-Ein-Stall-voll-Kinder-und-Ziegen-_arid,82971.html\" target=\"_blank\" rel=\"noreferrer noopener\">Artikel Teckbote vom&nbsp;19.04.2014&nbsp;Ein Stall voll Kinder und Ziegen<\/a><\/p>\n\n\n\n<p><a href=\"http:\/\/www.teckbote.de\/nachrichten\/stadt-kreis_artikel,-Jeden-Donnerstag-geht%E2%80%98s-auf-Tour-_arid,81689.html\" target=\"_blank\" rel=\"noreferrer noopener\">Artikel Teckbote vom 31.12.2013 Jeden Donnerstag unterwegs<\/a><\/p>\n\n\n\n<p><a href=\"http:\/\/www.teckbote.de\/nachrichten\/stadt-kreis_artikel,-Foerderschule-ist-in-guten-Haenden-_arid,81367.html\" target=\"_blank\" rel=\"noreferrer noopener\">Artikel Teckbote vom 28.11.2013&nbsp; Einsetzung Susanne Sch\u00f6llkopf<\/a><\/p>\n\n\n\n<p><a href=\"http:\/\/www.teckbote.de\/nachrichten\/stadt-kreis_artikel,-Kindern-mehr-Teilhabe-ermoeglichen-_arid,81277.html\" target=\"_blank\" rel=\"noreferrer noopener\">Artikel Teckbote vom 21.11.2013 Kindern mehr Teilhabe erm\u00f6glichen<\/a><\/p>\n\n\n\n<p><a href=\"http:\/\/www.teckbote.de\/stadt-kreis_artikel,-%E2%80%9EDen-perfekten-Schueler-wird-es-nie-geben%E2%80%9C-_arid,73608.html\" target=\"_blank\" rel=\"noreferrer noopener\">Artikel Teckbote vom 02.07.2012 40 Jahre Schulfest<\/a><\/p>\n<\/div>\n","protected":false},"excerpt":{"rendered":"<p>Aktionsverkauf unseres F\u00f6rdervereins Am Samstag, den 11.11.2023 von 10:00 Uhr bis 13:00 Uhr hatte unser F\u00f6rderverein einen Verkauf in unserer Schule. Es gab Holzofenbrot, Flachswickel, D\u00e4tscher, Apfelsaft und weitere Kleinigkeiten zu kaufen. Der F\u00f6rderverein unterst\u00fctzt damit Projekte wie das Bandprojekt mit Antiheld und hilft auch Sch\u00fclern und Sch\u00fclerinnen. Archiv Bericht_Sozial-AG Schuljahr 17\/18 Bericht \u00fcber Projekttage [&hellip;]<\/p>\n","protected":false},"author":1,"featured_media":0,"parent":0,"menu_order":0,"comment_status":"closed","ping_status":"closed","template":"","meta":{"footnotes":""},"class_list":["post-112","page","type-page","status-publish","hentry"],"_links":{"self":[{"href":"https:\/\/sbbz-kirchheim.de\/index.php?rest_route=\/wp\/v2\/pages\/112","targetHints":{"allow":["GET"]}}],"collection":[{"href":"https:\/\/sbbz-kirchheim.de\/index.php?rest_route=\/wp\/v2\/pages"}],"about":[{"href":"https:\/\/sbbz-kirchheim.de\/index.php?rest_route=\/wp\/v2\/types\/page"}],"author":[{"embeddable":true,"href":"https:\/\/sbbz-kirchheim.de\/index.php?rest_route=\/wp\/v2\/users\/1"}],"replies":[{"embeddable":true,"href":"https:\/\/sbbz-kirchheim.de\/index.php?rest_route=%2Fwp%2Fv2%2Fcomments&post=112"}],"version-history":[{"count":8,"href":"https:\/\/sbbz-kirchheim.de\/index.php?rest_route=\/wp\/v2\/pages\/112\/revisions"}],"predecessor-version":[{"id":463,"href":"https:\/\/sbbz-kirchheim.de\/index.php?rest_route=\/wp\/v2\/pages\/112\/revisions\/463"}],"wp:attachment":[{"href":"https:\/\/sbbz-kirchheim.de\/index.php?rest_route=%2Fwp%2Fv2%2Fmedia&parent=112"}],"curies":[{"name":"wp","href":"https:\/\/api.w.org\/{rel}","templated":true}]}}