{"id":105,"date":"2023-10-11T11:59:57","date_gmt":"2023-10-11T09:59:57","guid":{"rendered":"https:\/\/kwfschuleneue.ctl.de\/?page_id=105"},"modified":"2023-10-12T08:08:38","modified_gmt":"2023-10-12T06:08:38","slug":"aktionen-im-jahresablauf","status":"publish","type":"page","link":"https:\/\/sbbz-kirchheim.de\/?page_id=105","title":{"rendered":"Aktionen im Jahresablauf"},"content":{"rendered":"\n<p>\u00dcberblick \u00fcber die Veranstaltungen, die regelm\u00e4\u00dfig jedes oder jedes zweite Jahr angeboten werden:<\/p>\n\n\n\n<p><strong>Einschulungsfeier<\/strong><\/p>\n\n\n\n<p>Lehrer der kombinierten Grundstufenklassen organisieren eine kleine Aufnahmefeier.<\/p>\n\n\n\n<p>Sch\u00fcler der Grundstufe&nbsp;hei\u00dfen die neuen Erstkl\u00e4ssler in der Schulgemeinschaft willkommen.<\/p>\n\n\n\n<p><strong>Apfelernte und Apfelsaftherstellung im September\/Oktober<\/strong><\/p>\n\n\n\n<p>Apfellese im Klassenverband auf Streuobstwiesen. Pressen der Apfelernte in der Mosterei<\/p>\n\n\n\n<p>unter Mithilfe von Lehrern und Hauptstufensch\u00fclern und Verkauf am Aktionsstand des F\u00f6rdervereins.<\/p>\n\n\n\n<p><strong>Laternenfest im November<\/strong><\/p>\n\n\n\n<p>Lehrer der Grundstufe organisieren am Wasserturm ein Laternenfest mit Sankt Martinsfeier. <a href=\"https:\/\/sbbz-kirchheim.de\/wp-content\/uploads\/2023\/10\/Laternenfest.pdf\" data-type=\"attachment\" data-id=\"118\" target=\"_blank\" rel=\"noreferrer noopener\">Artikel zum Laternenfest<\/a><\/p>\n\n\n\n<p><strong>Adventssingen<\/strong><\/p>\n\n\n\n<p>Alle Sch\u00fcler und Lehrer singen einmal w\u00f6chentlich um Adventskranz und Krippe.<\/p>\n\n\n\n<p><strong>Nikolausfeier<\/strong><\/p>\n\n\n\n<p>Lehrer der&nbsp;Grundstufe organisieren die Feier mit Nikolaus, kleinen Geschenken, Gedichten und Liedern.<\/p>\n\n\n\n<p><strong>Weihnachtsfeier<\/strong><\/p>\n\n\n\n<p>F\u00fcr alle Klassen am letzten Schultag vor den Ferien mit Gedichten, Liedern und Weihnachtsspielen.<\/p>\n\n\n\n<p><strong>Hallensporttag<\/strong><\/p>\n\n\n\n<p>Sporttag mit verschiedenen Stationen&nbsp; in der KW-Halle.<\/p>\n\n\n\n<p><strong>Fasching<\/strong><\/p>\n\n\n\n<p>Sch\u00fcler der Grundstufe&nbsp;feiern verkleidet, mit Disco, Bewegungsspielen, Faschingsk\u00fcchle und<\/p>\n\n\n\n<p>Faschingsumzug.<\/p>\n\n\n\n<p><strong>Osterwanderung<\/strong><\/p>\n\n\n\n<p>Sch\u00fcler der Grundstufe wandern zu den B\u00fcrgerseen. Neben Ostereiersuche und Osternestbau werden Fr\u00fchlings- und Osterlieder gesungen.<\/p>\n\n\n\n<p><strong>Bundesjugendspiele<\/strong><\/p>\n\n\n\n<p>Leichtathletische Wettk\u00e4mpfe aller Sch\u00fcler im Stadion.<\/p>\n\n\n\n<p><strong>Entlassfeier der 9er<\/strong><\/p>\n\n\n\n<p>Entlasssch\u00fcler, Lehrer und Eltern feiern eine Woche vor den Sommerferien im Foyer und in der Mensa.<\/p>\n\n\n\n<p><strong>Sternwandertag<\/strong><\/p>\n\n\n\n<p>Sternwanderung aller Klassen am vorletzten Schultag vor den Sommerferien zum<\/p>\n\n\n\n<p>\u201eMaienwasen\u201c nach Owen.<\/p>\n\n\n\n<p><strong>Theaterprojekt<\/strong><\/p>\n\n\n\n<p>findet alle zwei Jahre unter professioneller Leitung (Theaterp\u00e4dagogin) statt und endet mit einer Theaterauff\u00fchrung.<\/p>\n\n\n\n<p><strong>Schulfest<\/strong><\/p>\n\n\n\n<p>Schulfeste finden nach Absprachen statt, auch in Kooperation mit der Grundschule.<\/p>\n","protected":false},"excerpt":{"rendered":"<p>\u00dcberblick \u00fcber die Veranstaltungen, die regelm\u00e4\u00dfig jedes oder jedes zweite Jahr angeboten werden: Einschulungsfeier Lehrer der kombinierten Grundstufenklassen organisieren eine kleine Aufnahmefeier. Sch\u00fcler der Grundstufe&nbsp;hei\u00dfen die neuen Erstkl\u00e4ssler in der Schulgemeinschaft willkommen. Apfelernte und Apfelsaftherstellung im September\/Oktober Apfellese im Klassenverband auf Streuobstwiesen. Pressen der Apfelernte in der Mosterei unter Mithilfe von Lehrern und Hauptstufensch\u00fclern und [&hellip;]<\/p>\n","protected":false},"author":1,"featured_media":0,"parent":0,"menu_order":0,"comment_status":"closed","ping_status":"closed","template":"","meta":{"footnotes":""},"class_list":["post-105","page","type-page","status-publish","hentry"],"_links":{"self":[{"href":"https:\/\/sbbz-kirchheim.de\/index.php?rest_route=\/wp\/v2\/pages\/105","targetHints":{"allow":["GET"]}}],"collection":[{"href":"https:\/\/sbbz-kirchheim.de\/index.php?rest_route=\/wp\/v2\/pages"}],"about":[{"href":"https:\/\/sbbz-kirchheim.de\/index.php?rest_route=\/wp\/v2\/types\/page"}],"author":[{"embeddable":true,"href":"https:\/\/sbbz-kirchheim.de\/index.php?rest_route=\/wp\/v2\/users\/1"}],"replies":[{"embeddable":true,"href":"https:\/\/sbbz-kirchheim.de\/index.php?rest_route=%2Fwp%2Fv2%2Fcomments&post=105"}],"version-history":[{"count":4,"href":"https:\/\/sbbz-kirchheim.de\/index.php?rest_route=\/wp\/v2\/pages\/105\/revisions"}],"predecessor-version":[{"id":172,"href":"https:\/\/sbbz-kirchheim.de\/index.php?rest_route=\/wp\/v2\/pages\/105\/revisions\/172"}],"wp:attachment":[{"href":"https:\/\/sbbz-kirchheim.de\/index.php?rest_route=%2Fwp%2Fv2%2Fmedia&parent=105"}],"curies":[{"name":"wp","href":"https:\/\/api.w.org\/{rel}","templated":true}]}}